{"id":642,"date":"2022-11-28T13:42:34","date_gmt":"2022-11-28T12:42:34","guid":{"rendered":"https:\/\/www.searchproject.eu\/?page_id=642"},"modified":"2023-01-11T17:56:46","modified_gmt":"2023-01-11T16:56:46","slug":"search-el-kitabi","status":"publish","type":"page","link":"https:\/\/www.searchproject.eu\/?page_id=642&lang=tr","title":{"rendered":"SEARCH EL K\u0130TABI"},"content":{"rendered":"<div class=\"fusion-fullwidth fullwidth-box fusion-builder-row-1 fusion-flex-container has-pattern-background has-mask-background nonhundred-percent-fullwidth non-hundred-percent-height-scrolling\" style=\"background-color: rgba(255,255,255,0);background-position: center center;background-repeat: no-repeat;border-width: 0px 0px 0px 0px;border-color:#e2e2e2;border-style:solid;\" ><div class=\"fusion-builder-row fusion-row fusion-flex-align-items-flex-start\" style=\"max-width:1248px;margin-left: calc(-4% \/ 2 );margin-right: calc(-4% \/ 2 );\"><div class=\"fusion-layout-column fusion_builder_column fusion-builder-column-0 fusion_builder_column_1_1 1_1 fusion-flex-column\"><div class=\"fusion-column-wrapper fusion-flex-justify-content-flex-start fusion-content-layout-column\" style=\"background-position:left top;background-repeat:no-repeat;-webkit-background-size:cover;-moz-background-size:cover;-o-background-size:cover;background-size:cover;padding: 0px 0px 0px 0px;\"><div class=\"fusion-text fusion-text-1\"><h2>SEARCH EL K\u0130TABI<\/h2>\n<p>SEARCH El Kitab\u0131, geni\u015f bir teorik ge\u00e7mi\u015fin yan\u0131 s\u0131ra spor etkinli\u011fi ve do\u011fru beslenmeyi i\u00e7eren sa\u011fl\u0131kl\u0131 bir ya\u015fam tarz\u0131n\u0131 anlamak ve pratik ipu\u00e7lar\u0131 ve \u00f6neriler sunar. K\u0131lavuz, farkl\u0131 t\u00fcrde etkinlikler ve bilgiler bulabilece\u011finiz farkl\u0131 b\u00f6l\u00fcmlere ayr\u0131lm\u0131\u015ft\u0131r.<\/p>\n<p>Bas\u0131l\u0131 s\u00fcr\u00fcmde mevcuttur ve PDF s\u00fcr\u00fcm\u00fcnde a\u015fa\u011f\u0131daki dillerde indirebilirsiniz:<\/p>\n<p><a href=\"https:\/\/www.searchproject.eu\/wp-content\/uploads\/2023\/01\/SEARCH-Young-People-Practising-Health.pdf\" target=\"_blank\" rel=\"noopener noreferrer\">\u0130ngilizce<\/a><\/p>\n<p><a href=\"https:\/\/www.searchproject.eu\/wp-content\/uploads\/2023\/01\/SEARCH-Allenarsi-alla-salute.pdf\" target=\"_blank\" rel=\"noopener noreferrer\">\u0130talyanca<\/a><\/p>\n<p><a href=\"https:\/\/www.searchproject.eu\/wp-content\/uploads\/2023\/01\/SEARCH-Junge-Menschen-in-der-Gesundheitspraxis.pdf\" target=\"_blank\" rel=\"noopener noreferrer\">Almanca<\/a><\/p>\n<p><a href=\"https:\/\/www.searchproject.eu\/wp-content\/uploads\/2023\/01\/SEARCH-Jovenes-practicando-la-salud.pdf\" target=\"_blank\" rel=\"noopener noreferrer\">\u0130spanyolca<\/a><\/p>\n<p><a href=\"https:\/\/www.searchproject.eu\/wp-content\/uploads\/2023\/01\/SEARCH-\u0386\u03c3\u03ba\u03b7\u03c3\u03b7-\u03a5\u03b3\u03b5\u03af\u03b1\u03c2-\u03ba\u03b1\u03b9-\u039d\u03ad\u03bf\u03b9-\u0386\u03bd\u03b8\u03c1\u03c9\u03c0\u03bf\u03b9.pdf\" target=\"_blank\" rel=\"noopener noreferrer\">Yunanca<\/a><\/p>\n<p><a href=\"https:\/\/www.searchproject.eu\/wp-content\/uploads\/2023\/01\/SEARCH-Saglikli-Yasami-Deneyimleyen-Gencler.pdf\" target=\"_blank\" rel=\"noopener noreferrer\">T\u00fcrk\u00e7e<\/a><\/p>\n<p><a href=\"https:\/\/www.searchproject.eu\/wp-content\/uploads\/2023\/01\/SEARCH-Mladi-v-praksi-za-zdravje.pdf\" target=\"_blank\" rel=\"noopener noreferrer\">Slovence<\/a><\/p>\n<\/div><\/div><style type=\"text\/css\">.fusion-body .fusion-builder-column-0{width:100% !important;margin-top : 0px;margin-bottom : 20px;}.fusion-builder-column-0 > .fusion-column-wrapper {padding-top : 0px !important;padding-right : 0px !important;margin-right : 1.92%;padding-bottom : 0px !important;padding-left : 0px !important;margin-left : 1.92%;}@media only screen and (max-width:1024px) {.fusion-body .fusion-builder-column-0{width:100% !important;order : 0;}.fusion-builder-column-0 > .fusion-column-wrapper {margin-right : 1.92%;margin-left : 1.92%;}}@media only screen and (max-width:640px) {.fusion-body .fusion-builder-column-0{width:100% !important;order : 0;}.fusion-builder-column-0 > .fusion-column-wrapper {margin-right : 1.92%;margin-left : 1.92%;}}<\/style><\/div><\/div><style type=\"text\/css\">.fusion-body .fusion-flex-container.fusion-builder-row-1{ padding-top : 0px;margin-top : 0px;padding-right : 0px;padding-bottom : 0px;margin-bottom : 0px;padding-left : 0px;}<\/style><\/div>\n","protected":false},"excerpt":{"rendered":"","protected":false},"author":4,"featured_media":0,"parent":0,"menu_order":0,"comment_status":"closed","ping_status":"closed","template":"","meta":[],"_links":{"self":[{"href":"https:\/\/www.searchproject.eu\/index.php?rest_route=\/wp\/v2\/pages\/642"}],"collection":[{"href":"https:\/\/www.searchproject.eu\/index.php?rest_route=\/wp\/v2\/pages"}],"about":[{"href":"https:\/\/www.searchproject.eu\/index.php?rest_route=\/wp\/v2\/types\/page"}],"author":[{"embeddable":true,"href":"https:\/\/www.searchproject.eu\/index.php?rest_route=\/wp\/v2\/users\/4"}],"replies":[{"embeddable":true,"href":"https:\/\/www.searchproject.eu\/index.php?rest_route=%2Fwp%2Fv2%2Fcomments&post=642"}],"version-history":[{"count":10,"href":"https:\/\/www.searchproject.eu\/index.php?rest_route=\/wp\/v2\/pages\/642\/revisions"}],"predecessor-version":[{"id":752,"href":"https:\/\/www.searchproject.eu\/index.php?rest_route=\/wp\/v2\/pages\/642\/revisions\/752"}],"wp:attachment":[{"href":"https:\/\/www.searchproject.eu\/index.php?rest_route=%2Fwp%2Fv2%2Fmedia&parent=642"}],"curies":[{"name":"wp","href":"https:\/\/api.w.org\/{rel}","templated":true}]}}