{"id":554,"date":"2022-11-21T12:02:36","date_gmt":"2022-11-21T11:02:36","guid":{"rendered":"https:\/\/www.searchproject.eu\/?page_id=554"},"modified":"2023-01-11T17:55:55","modified_gmt":"2023-01-11T16:55:55","slug":"pripomocnik","status":"publish","type":"page","link":"https:\/\/www.searchproject.eu\/?page_id=554&lang=sl","title":{"rendered":"PRIPOMO\u010cNIK"},"content":{"rendered":"<div class=\"fusion-fullwidth fullwidth-box fusion-builder-row-1 fusion-flex-container has-pattern-background has-mask-background nonhundred-percent-fullwidth non-hundred-percent-height-scrolling\" style=\"background-color: rgba(255,255,255,0);background-position: center center;background-repeat: no-repeat;border-width: 0px 0px 0px 0px;border-color:#e2e2e2;border-style:solid;\" ><div class=\"fusion-builder-row fusion-row fusion-flex-align-items-flex-start\" style=\"max-width:1248px;margin-left: calc(-4% \/ 2 );margin-right: calc(-4% \/ 2 );\"><div class=\"fusion-layout-column fusion_builder_column fusion-builder-column-0 fusion_builder_column_1_1 1_1 fusion-flex-column\"><div class=\"fusion-column-wrapper fusion-flex-justify-content-flex-start fusion-content-layout-column\" style=\"background-position:left top;background-repeat:no-repeat;-webkit-background-size:cover;-moz-background-size:cover;-o-background-size:cover;background-size:cover;padding: 0px 0px 0px 0px;\"><div class=\"fusion-text fusion-text-1\"><h2>Priro\u010dnik SEARCH<\/h2>\n<p>Priro\u010dnik SEARCH ponuja \u0161iroko teoreti\u010dno ozadje, pa tudi prakti\u010dne nasvete in trike za razumevanje in vaditev zdravega na\u010dina \u017eivljenja, ki vklju\u010duje \u0161portno aktivnost in pravilno prehrano. Priro\u010dnik je razdeljen na razli\u010dne odseke, kjer boste na\u0161li razli\u010dne vrste dejavnosti in informacij.<\/p>\n<p>Na voljo je v tiskani razli\u010dici in jo lahko prenesete v PDF razli\u010dici v naslednjih jezikih:<\/p>\n<p><a href=\"https:\/\/www.searchproject.eu\/wp-content\/uploads\/2023\/01\/SEARCH-Young-People-Practising-Health.pdf\" target=\"_blank\" rel=\"noopener noreferrer\">Angle\u0161\u010dina<\/a><\/p>\n<p><a href=\"https:\/\/www.searchproject.eu\/wp-content\/uploads\/2023\/01\/SEARCH-Allenarsi-alla-salute.pdf\" target=\"_blank\" rel=\"noopener noreferrer\">Italijan\u0161\u010dina<\/a><\/p>\n<p><a href=\"https:\/\/www.searchproject.eu\/wp-content\/uploads\/2023\/01\/SEARCH-Junge-Menschen-in-der-Gesundheitspraxis.pdf\" target=\"_blank\" rel=\"noopener noreferrer\">Nem\u0161\u010dina<\/a><\/p>\n<p><a href=\"https:\/\/www.searchproject.eu\/wp-content\/uploads\/2023\/01\/SEARCH-Jovenes-practicando-la-salud.pdf\" target=\"_blank\" rel=\"noopener noreferrer\">\u0160pan\u0161\u010dina<\/a><\/p>\n<p><a href=\"https:\/\/www.searchproject.eu\/wp-content\/uploads\/2023\/01\/SEARCH-\u0386\u03c3\u03ba\u03b7\u03c3\u03b7-\u03a5\u03b3\u03b5\u03af\u03b1\u03c2-\u03ba\u03b1\u03b9-\u039d\u03ad\u03bf\u03b9-\u0386\u03bd\u03b8\u03c1\u03c9\u03c0\u03bf\u03b9.pdf\" target=\"_blank\" rel=\"noopener noreferrer\">Gr\u0161\u010dina<\/a><\/p>\n<p><a href=\"https:\/\/www.searchproject.eu\/wp-content\/uploads\/2023\/01\/SEARCH-Saglikli-Yasami-Deneyimleyen-Gencler.pdf\" target=\"_blank\" rel=\"noopener noreferrer\">Tur\u0161\u010dina<\/a><\/p>\n<p><a href=\"https:\/\/www.searchproject.eu\/wp-content\/uploads\/2023\/01\/SEARCH-Mladi-v-praksi-za-zdravje.pdf\" target=\"_blank\" rel=\"noopener noreferrer\">Sloven\u0161\u010dina<\/a><\/p>\n<h1><\/h1>\n<\/div><\/div><style type=\"text\/css\">.fusion-body .fusion-builder-column-0{width:100% !important;margin-top : 0px;margin-bottom : 20px;}.fusion-builder-column-0 > .fusion-column-wrapper {padding-top : 0px !important;padding-right : 0px !important;margin-right : 1.92%;padding-bottom : 0px !important;padding-left : 0px !important;margin-left : 1.92%;}@media only screen and (max-width:1024px) {.fusion-body .fusion-builder-column-0{width:100% !important;order : 0;}.fusion-builder-column-0 > .fusion-column-wrapper {margin-right : 1.92%;margin-left : 1.92%;}}@media only screen and (max-width:640px) {.fusion-body .fusion-builder-column-0{width:100% !important;order : 0;}.fusion-builder-column-0 > .fusion-column-wrapper {margin-right : 1.92%;margin-left : 1.92%;}}<\/style><\/div><\/div><style type=\"text\/css\">.fusion-body .fusion-flex-container.fusion-builder-row-1{ padding-top : 0px;margin-top : 0px;padding-right : 0px;padding-bottom : 0px;margin-bottom : 0px;padding-left : 0px;}<\/style><\/div>\n","protected":false},"excerpt":{"rendered":"","protected":false},"author":4,"featured_media":0,"parent":0,"menu_order":0,"comment_status":"closed","ping_status":"closed","template":"","meta":[],"_links":{"self":[{"href":"https:\/\/www.searchproject.eu\/index.php?rest_route=\/wp\/v2\/pages\/554"}],"collection":[{"href":"https:\/\/www.searchproject.eu\/index.php?rest_route=\/wp\/v2\/pages"}],"about":[{"href":"https:\/\/www.searchproject.eu\/index.php?rest_route=\/wp\/v2\/types\/page"}],"author":[{"embeddable":true,"href":"https:\/\/www.searchproject.eu\/index.php?rest_route=\/wp\/v2\/users\/4"}],"replies":[{"embeddable":true,"href":"https:\/\/www.searchproject.eu\/index.php?rest_route=%2Fwp%2Fv2%2Fcomments&post=554"}],"version-history":[{"count":10,"href":"https:\/\/www.searchproject.eu\/index.php?rest_route=\/wp\/v2\/pages\/554\/revisions"}],"predecessor-version":[{"id":751,"href":"https:\/\/www.searchproject.eu\/index.php?rest_route=\/wp\/v2\/pages\/554\/revisions\/751"}],"wp:attachment":[{"href":"https:\/\/www.searchproject.eu\/index.php?rest_route=%2Fwp%2Fv2%2Fmedia&parent=554"}],"curies":[{"name":"wp","href":"https:\/\/api.w.org\/{rel}","templated":true}]}}