{"id":534,"date":"2022-11-21T10:54:31","date_gmt":"2022-11-21T09:54:31","guid":{"rendered":"https:\/\/www.searchproject.eu\/?page_id=534"},"modified":"2022-11-21T10:58:13","modified_gmt":"2022-11-21T09:58:13","slug":"intelektualni-rezultati","status":"publish","type":"page","link":"https:\/\/www.searchproject.eu\/?page_id=534&lang=sl","title":{"rendered":"Intelektualni rezultati"},"content":{"rendered":"<div class=\"fusion-fullwidth fullwidth-box fusion-builder-row-1 fusion-flex-container nonhundred-percent-fullwidth non-hundred-percent-height-scrolling\" style=\"background-color: rgba(255,255,255,0);background-position: center center;background-repeat: no-repeat;border-width: 0px 0px 0px 0px;border-color:#e2e2e2;border-style:solid;\" ><div class=\"fusion-builder-row fusion-row fusion-flex-align-items-flex-start\" style=\"max-width:1248px;margin-left: calc(-4% \/ 2 );margin-right: calc(-4% \/ 2 );\"><div class=\"fusion-layout-column fusion_builder_column fusion-builder-column-0 fusion_builder_column_3_4 3_4 fusion-flex-column\"><div class=\"fusion-column-wrapper fusion-flex-justify-content-flex-start fusion-content-layout-column\" style=\"background-position:left top;background-repeat:no-repeat;-webkit-background-size:cover;-moz-background-size:cover;-o-background-size:cover;background-size:cover;padding: 0px 0px 0px 0px;\"><div class=\"fusion-text fusion-text-1\" style=\"color:#000000;\"><p style=\"text-align: justify; \"><b>SEARCH Odprti Portal<\/b><\/p>\n<p style=\"text-align: justify; \">Odprti Portal SEARCH bo preiskovalno orodje za spoznavanje spretnosti mladih o koristih \u0161porta, pravilnem \u017eivljenjskem slogu, dobrem po\u010dutju in pravilni prehrani. <span style=\"background-color: rgba(255, 255, 255, 0); font-family: var(--body_typography-font-family); font-size: var(--body_typography-font-size); font-style: var(--body_typography-font-style,normal); font-weight: var(--body_typography-font-weight); letter-spacing: var(--body_typography-letter-spacing);\">Pridobljeni podatki bodo izhodi\u0161\u010de za celotno partnerstvo, za usposabljanje in aktivno vklju\u010devanje vseh udele\u017eencev.<\/span><\/p>\n<p style=\"text-align: justify; \">Odprti portal SEARCH bo platforma za samoocenjevanje, ki bo mladim pomagala razumeti prednosti \u0161porta, zdravega na\u010dina \u017eivljenja, dobrega po\u010dutja in pravilne prehrane, vklju\u010devanja, integracije in polnega dr\u017eavljanstva. Platforma bo okrepila za\u010detne kompetence udele\u017eencev, saj bo vsaka \u0161ola in \u0161portna ustanova del dejavnosti posvetila pomenu \u0161porta kot dobre vsakodnevne prakse.<\/p>\n<p style=\"text-align: justify; \">Vsebina, pripravljena v sedmih jezikih, bo vklju\u010devala informativni del in anketo, ki jo bodo prejeli u\u010denci in \u0161portniki.<\/p>\n<p style=\"text-align: justify; \">Informacijski del: kjer bodo teme, povezane s telesnim blagostanjem, izra\u017eene v razli\u010dnih gradivih z ustrezno telesno dejavnostjo in prehrano.<\/p>\n<p style=\"text-align: justify; \">Raziskava bo sestavljena iz 30 vpra\u0161anj z ve\u010d mo\u017enimi odgovori, ki bodo otrokom pomagala razumeti njihovo znanje o koristih \u0161porta, zdravem \u017eivljenjskem slogu, dobrem po\u010dutju in pravilni prehrani, vklju\u010devanju, integraciji in polnopravnem dr\u017eavljanstvu.<\/p>\n<p style=\"text-align: justify; \">Vsi podatki, pridobljeni na odprtem portalu SEARCH, bodo prenosljivi v druge dr\u017eave in druge pobude, povezane s temami, ki jih zajema projekt.<\/p>\n<p style=\"text-align: justify; \"><span style=\"background-color: rgba(255, 255, 255, 0); font-family: var(--body_typography-font-family); font-size: var(--body_typography-font-size); font-style: var(--body_typography-font-style,normal); letter-spacing: var(--body_typography-letter-spacing);\"><b>SEARCH Te\u010daj e-u\u010denja<\/b><\/span><\/p>\n<p style=\"text-align: justify; \">Te\u010daj SEARCH eLearning za u\u010ditelje in mentorje \u0161porta vklju\u010duje pet modulov, ki se osredoto\u010dajo na pove\u010danje izobra\u017eevalne vrednosti v \u0161portu, spodbujanje mladih k \u0161portu, spreminjanje \u0161porta v instrument socialne vklju\u010denosti in pove\u010danje gospodarstva, povezanega s \u0161portom, s pravilnim upravljanjem \u0161portnih objektov. Zagotovljene vsebine so visoke kakovosti zaradi visoke znanstvene usposobljenosti projektnega osebja.<\/p>\n<p style=\"text-align: justify; \"><b>Mobilna aplikacija SEARCH<\/b><\/p>\n<p style=\"text-align: justify; \">Razvita bo aplikacija APP, ki bo na voljo vsem u\u010dencem. Aplikacija je zasnovana kot platforma za u\u010denje \u0161porta in bo na voljo v sedmih jezikih (italijan\u0161\u010dina, angle\u0161\u010dina, avstrij\u0161\u010dina, gr\u0161\u010dina, \u0161pan\u0161\u010dina, sloven\u0161\u010dina, tur\u0161\u010dina).<\/p>\n<p style=\"text-align: justify; \">Profil uporabnika, lekcije in napredek so prav tako nalo\u017eeni v oblak, tako da lahko do lekcije dostopate in jo nadaljujete iz katere koli naprave. Storitev temelji na strategijah in tehnikah, izposojenih iz industrije videoiger, ne pa iz knjig in diapozitivov, zato lahko govorimo o igrifikaciji. Vsak uporabnik bo imel stopnje, ki jih bo moral premagati s pomo\u010djo majhnih kvizov o \u0161portu, zdravju in prehrani (na voljo bodo lestvice).<\/p>\n<p style=\"text-align: justify; \">Mobilna aplikacija SEARCH Mobilna aplikacija SEARCH bo usmerjena k uporabniku, saj bo omogo\u010dala ustvarjanje osebnih profilov z enostavnim postopkom prijave ter sledenje u\u010dnemu napredku in dose\u017ekom.<\/p>\n<p style=\"text-align: justify; \">Platforma bo uporabljala nekatere tehnike igrifikacije, ki bodo poskrbele za bolj zanimivo u\u010dno izku\u0161njo.<\/p>\n<p style=\"text-align: justify; \"><b>SEARCH Priro\u010dnik<\/b><\/p>\n<p style=\"text-align: justify; \">Priro\u010dnik SEARCH ponuja \u0161iroko teoreti\u010dno podlago ter prakti\u010dne nasvete in trike za razumevanje in prakticiranje zdravega na\u010dina \u017eivljenja, ki vklju\u010duje \u0161portno aktivnost in pravilno prehrano. Priro\u010dnik bo razdeljen na razli\u010dne dele, kjer boste v priro\u010dniku na\u0161li razli\u010dne vrste dejavnosti.<\/p>\n<\/div><\/div><style type=\"text\/css\">.fusion-body .fusion-builder-column-0{width:75% !important;margin-top : 0px;margin-bottom : 20px;}.fusion-builder-column-0 > .fusion-column-wrapper {padding-top : 0px !important;padding-right : 0px !important;margin-right : 2.56%;padding-bottom : 0px !important;padding-left : 0px !important;margin-left : 2.56%;}@media only screen and (max-width:1024px) {.fusion-body .fusion-builder-column-0{width:75% !important;order : 0;}.fusion-builder-column-0 > .fusion-column-wrapper {margin-right : 2.56%;margin-left : 2.56%;}}@media only screen and (max-width:640px) {.fusion-body .fusion-builder-column-0{width:100% !important;order : 0;}.fusion-builder-column-0 > .fusion-column-wrapper {margin-right : 1.92%;margin-left : 1.92%;}}<\/style><\/div><div class=\"fusion-layout-column fusion_builder_column fusion-builder-column-1 fusion_builder_column_1_4 1_4 fusion-flex-column\"><div class=\"fusion-column-wrapper fusion-flex-justify-content-flex-start fusion-content-layout-column\" style=\"background-position:left top;background-repeat:no-repeat;-webkit-background-size:cover;-moz-background-size:cover;-o-background-size:cover;background-size:cover;padding: 0px 0px 0px 0px;\"><div ><style>.fusion-imageframe.imageframe-1{ margin-bottom : 20px;}<\/style><span class=\" fusion-imageframe imageframe-none imageframe-1 hover-type-none\" style=\"border:1px solid #e2e2e2;border-radius:50%;\"><img decoding=\"async\" width=\"300\" height=\"200\" title=\"Portrait of smiling male doctor sitting at desk\" src=\"https:\/\/www.searchproject.eu\/wp-content\/uploads\/2020\/12\/iStock-680482624-300x200.jpg\" alt class=\"img-responsive wp-image-105\" srcset=\"https:\/\/www.searchproject.eu\/wp-content\/uploads\/2020\/12\/iStock-680482624-200x133.jpg 200w, https:\/\/www.searchproject.eu\/wp-content\/uploads\/2020\/12\/iStock-680482624-400x267.jpg 400w, https:\/\/www.searchproject.eu\/wp-content\/uploads\/2020\/12\/iStock-680482624-600x400.jpg 600w, https:\/\/www.searchproject.eu\/wp-content\/uploads\/2020\/12\/iStock-680482624-800x533.jpg 800w, https:\/\/www.searchproject.eu\/wp-content\/uploads\/2020\/12\/iStock-680482624-1200x800.jpg 1200w\" sizes=\"(max-width: 640px) 100vw, 400px\" \/><\/span><\/div><div ><style>.fusion-imageframe.imageframe-2{ margin-bottom : 20px;}<\/style><span class=\" fusion-imageframe imageframe-none imageframe-2 hover-type-none\" style=\"border:1px solid #e2e2e2;border-radius:50%;\"><img decoding=\"async\" width=\"300\" height=\"200\" title=\"Healthy purchasing from grocery\" src=\"https:\/\/www.searchproject.eu\/wp-content\/uploads\/2020\/12\/iStock-1160204549-300x200.jpg\" alt class=\"img-responsive wp-image-110\" srcset=\"https:\/\/www.searchproject.eu\/wp-content\/uploads\/2020\/12\/iStock-1160204549-200x133.jpg 200w, https:\/\/www.searchproject.eu\/wp-content\/uploads\/2020\/12\/iStock-1160204549-400x267.jpg 400w, https:\/\/www.searchproject.eu\/wp-content\/uploads\/2020\/12\/iStock-1160204549-600x400.jpg 600w, https:\/\/www.searchproject.eu\/wp-content\/uploads\/2020\/12\/iStock-1160204549-800x533.jpg 800w, https:\/\/www.searchproject.eu\/wp-content\/uploads\/2020\/12\/iStock-1160204549-1200x800.jpg 1200w\" sizes=\"(max-width: 640px) 100vw, 400px\" \/><\/span><\/div><div ><style>.fusion-imageframe.imageframe-3{ margin-bottom : 20px;}<\/style><span class=\" fusion-imageframe imageframe-none imageframe-3 hover-type-none\" style=\"border:1px solid #e2e2e2;border-radius:50%;\"><img decoding=\"async\" width=\"300\" height=\"200\" title=\"Jogging woman relaxing on lake pier at sunrise enjoying freshness from nature\" src=\"https:\/\/www.searchproject.eu\/wp-content\/uploads\/2020\/12\/iStock-1090246106-300x200.jpg\" alt class=\"img-responsive wp-image-108\" srcset=\"https:\/\/www.searchproject.eu\/wp-content\/uploads\/2020\/12\/iStock-1090246106-200x133.jpg 200w, https:\/\/www.searchproject.eu\/wp-content\/uploads\/2020\/12\/iStock-1090246106-400x267.jpg 400w, https:\/\/www.searchproject.eu\/wp-content\/uploads\/2020\/12\/iStock-1090246106-600x400.jpg 600w, https:\/\/www.searchproject.eu\/wp-content\/uploads\/2020\/12\/iStock-1090246106-800x534.jpg 800w, https:\/\/www.searchproject.eu\/wp-content\/uploads\/2020\/12\/iStock-1090246106-1200x800.jpg 1200w\" sizes=\"(max-width: 640px) 100vw, 400px\" \/><\/span><\/div><div ><style>.fusion-imageframe.imageframe-4{ margin-bottom : 20px;}<\/style><span class=\" fusion-imageframe imageframe-none imageframe-4 hover-type-none\" style=\"border:1px solid #e2e2e2;border-radius:50%;\"><img decoding=\"async\" width=\"300\" height=\"200\" title=\"Athletic woman slicing fruit while preparing smoothie in the kitchen.\" src=\"https:\/\/www.searchproject.eu\/wp-content\/uploads\/2020\/12\/iStock-1161289659-300x200.jpg\" alt class=\"img-responsive wp-image-111\" srcset=\"https:\/\/www.searchproject.eu\/wp-content\/uploads\/2020\/12\/iStock-1161289659-200x133.jpg 200w, https:\/\/www.searchproject.eu\/wp-content\/uploads\/2020\/12\/iStock-1161289659-400x267.jpg 400w, https:\/\/www.searchproject.eu\/wp-content\/uploads\/2020\/12\/iStock-1161289659-600x400.jpg 600w, https:\/\/www.searchproject.eu\/wp-content\/uploads\/2020\/12\/iStock-1161289659-800x533.jpg 800w, https:\/\/www.searchproject.eu\/wp-content\/uploads\/2020\/12\/iStock-1161289659-1200x800.jpg 1200w\" sizes=\"(max-width: 640px) 100vw, 400px\" \/><\/span><\/div><div ><style>.fusion-imageframe.imageframe-5{ margin-bottom : 20px;}<\/style><span class=\" fusion-imageframe imageframe-none imageframe-5 hover-type-none\" style=\"border:1px solid #e2e2e2;border-radius:50%;\"><img decoding=\"async\" width=\"300\" height=\"194\" title=\"Dad with daughter on kitchen\" src=\"https:\/\/www.searchproject.eu\/wp-content\/uploads\/2020\/12\/iStock-1169134670-300x194.jpg\" alt class=\"img-responsive wp-image-114\" srcset=\"https:\/\/www.searchproject.eu\/wp-content\/uploads\/2020\/12\/iStock-1169134670-200x129.jpg 200w, https:\/\/www.searchproject.eu\/wp-content\/uploads\/2020\/12\/iStock-1169134670-400x258.jpg 400w, https:\/\/www.searchproject.eu\/wp-content\/uploads\/2020\/12\/iStock-1169134670-600x388.jpg 600w, https:\/\/www.searchproject.eu\/wp-content\/uploads\/2020\/12\/iStock-1169134670-800x517.jpg 800w, https:\/\/www.searchproject.eu\/wp-content\/uploads\/2020\/12\/iStock-1169134670-1200x775.jpg 1200w\" sizes=\"(max-width: 640px) 100vw, 400px\" \/><\/span><\/div><\/div><style type=\"text\/css\">.fusion-body .fusion-builder-column-1{width:25% !important;margin-top : 0px;margin-bottom : 20px;}.fusion-builder-column-1 > .fusion-column-wrapper {padding-top : 0px !important;padding-right : 0px !important;margin-right : 7.68%;padding-bottom : 0px !important;padding-left : 0px !important;margin-left : 7.68%;}@media only screen and (max-width:1024px) {.fusion-body .fusion-builder-column-1{width:25% !important;order : 0;}.fusion-builder-column-1 > .fusion-column-wrapper {margin-right : 7.68%;margin-left : 7.68%;}}@media only screen and (max-width:640px) {.fusion-body .fusion-builder-column-1{width:100% !important;order : 0;}.fusion-builder-column-1 > .fusion-column-wrapper {margin-right : 1.92%;margin-left : 1.92%;}}<\/style><\/div><\/div><style type=\"text\/css\">.fusion-body .fusion-flex-container.fusion-builder-row-1{ padding-top : 0px;margin-top : 20px;padding-right : 0px;padding-bottom : 0px;margin-bottom : 0px;padding-left : 0px;}<\/style><\/div>\n","protected":false},"excerpt":{"rendered":"","protected":false},"author":4,"featured_media":0,"parent":0,"menu_order":0,"comment_status":"closed","ping_status":"closed","template":"","meta":[],"_links":{"self":[{"href":"https:\/\/www.searchproject.eu\/index.php?rest_route=\/wp\/v2\/pages\/534"}],"collection":[{"href":"https:\/\/www.searchproject.eu\/index.php?rest_route=\/wp\/v2\/pages"}],"about":[{"href":"https:\/\/www.searchproject.eu\/index.php?rest_route=\/wp\/v2\/types\/page"}],"author":[{"embeddable":true,"href":"https:\/\/www.searchproject.eu\/index.php?rest_route=\/wp\/v2\/users\/4"}],"replies":[{"embeddable":true,"href":"https:\/\/www.searchproject.eu\/index.php?rest_route=%2Fwp%2Fv2%2Fcomments&post=534"}],"version-history":[{"count":2,"href":"https:\/\/www.searchproject.eu\/index.php?rest_route=\/wp\/v2\/pages\/534\/revisions"}],"predecessor-version":[{"id":537,"href":"https:\/\/www.searchproject.eu\/index.php?rest_route=\/wp\/v2\/pages\/534\/revisions\/537"}],"wp:attachment":[{"href":"https:\/\/www.searchproject.eu\/index.php?rest_route=%2Fwp%2Fv2%2Fmedia&parent=534"}],"curies":[{"name":"wp","href":"https:\/\/api.w.org\/{rel}","templated":true}]}}