{"id":521,"date":"2022-11-21T10:37:51","date_gmt":"2022-11-21T09:37:51","guid":{"rendered":"https:\/\/www.searchproject.eu\/?page_id=521"},"modified":"2022-11-21T10:41:36","modified_gmt":"2022-11-21T09:41:36","slug":"521-2","status":"publish","type":"page","link":"https:\/\/www.searchproject.eu\/?page_id=521&lang=sl","title":{"rendered":"Projekt SEARCH"},"content":{"rendered":"<div class=\"fusion-fullwidth fullwidth-box fusion-builder-row-1 fusion-flex-container nonhundred-percent-fullwidth non-hundred-percent-height-scrolling\" style=\"background-color: rgba(255,255,255,0);background-position: center center;background-repeat: no-repeat;border-width: 0px 0px 0px 0px;border-color:#e2e2e2;border-style:solid;\" ><div class=\"fusion-builder-row fusion-row fusion-flex-align-items-flex-start\" style=\"max-width:1248px;margin-left: calc(-4% \/ 2 );margin-right: calc(-4% \/ 2 );\"><div class=\"fusion-layout-column fusion_builder_column fusion-builder-column-0 fusion_builder_column_3_4 3_4 fusion-flex-column\"><div class=\"fusion-column-wrapper fusion-flex-justify-content-flex-start fusion-content-layout-column\" style=\"background-position:left top;background-repeat:no-repeat;-webkit-background-size:cover;-moz-background-size:cover;-o-background-size:cover;background-size:cover;padding: 0px 0px 0px 0px;\"><div class=\"fusion-text fusion-text-1\" style=\"color:#000000;\"><p style=\"text-align: justify; \"><b>Projekt SEARCH &#8211; \u0160portna vzgoja za aktivno in odgovorno dr\u017eavljanstvo s skrbjo za zdravje<\/b> &#8211; je namenjen usposabljanju mladih evropskih dr\u017eavljanov in konkretnemu posredovanju pri organizaciji razli\u010dnih dejavnosti, povezanih z raz\u0161irjanjem kulture in \u0161porta. Cilj projekta je pove\u010dati ozave\u0161\u010denost mladih o pomenu vpra\u0161anj, povezanih s \u0161portom, kar bi lahko privedlo do vedenja, usmerjenega v dobro po\u010dutje, vklju\u010denost in polno dr\u017eavljanstvo.<\/p>\n<p style=\"text-align: justify; \">Krepitev \u0161portne vzgoje mora biti klju\u010dni cilj vsake uprave: dovolj je upo\u0161tevati zelo negativen vpliv sede\u010dega \u017eivljenja v sodobni dru\u017ebi. Poleg \u010dlove\u0161ke drame, povezane s pojavom bolezni, povezanih s slabimi navadami in premalo gibanja, slaba nagnjenost k gibalni vzgoji povzro\u010da visoke dru\u017ebene stro\u0161ke, saj ljudje, ki zbolijo, potrebujejo oskrbo in podporo nacionalnega zdravstvenega sistema. Ne govorimo zgolj o pove\u010danju prostora za gibalno dejavnost, temve\u010d o sistemskem posredovanju pri \u0161irjenju kulture, ki zajema \u0161port in vse njegove vrednote, da bi imeli dolgoro\u010dni ekonomski odziv pri var\u010devanju z javnimi sredstvi. <\/p>\n<p style=\"text-align: justify; \"><b>CILJI PROJEKTA<\/b><\/p>\n<p style=\"text-align: justify; \"><b>CILJ 1): Okrepiti vzgojno-izobra\u017eevalno dejavnost v \u0161portu<\/b><\/p>\n<p style=\"text-align: justify; \">\u0160port ima odlo\u010dilno vlogo pri vzgoji otrok, saj je prilo\u017enost za urjenje telesa in duha, pomaga razvijati sposobnost u\u010denja (vedeti &#8211; znati delati &#8211; znati biti) in je nekak\u0161en vodnik, ki omogo\u010da doseganje zrelosti z lahkoto in u\u017eitkom. Telesna dejavnost ustvarja visoko stopnjo zadovoljstva in dobrega po\u010dutja, ki temelji tudi na \u010dlove\u0161kih vrednotah, ki jih pridobijo udele\u017eenci\/u\u010denci.<\/p>\n<p style=\"text-align: justify; \"><b>CILJ 2): Spodbujanje \u0161portne vadbe za obvladovanje nacionalnih zdravstvenih in socialnih stro\u0161kov<\/b><\/p>\n<p style=\"text-align: justify; \">Vlaganje v \u0161port omogo\u010da prihranke pri zdravstveni oskrbi in zmanj\u0161uje sede\u010di na\u010din \u017eivljenja. Prihranki socialno-zdravstvenih stro\u0161kov so medsektorski rezultat, dose\u017een na razli\u010dnih ravneh, kar je dobro znano in dokazano v vseh raziskavah po vsem svetu. Predvsem preventiva, pa tudi terapija, okrevanje, zmanj\u0161evanje ponovitev bolezni in vse to je \u0161e bolj jasno, \u010de govorimo o spolni medicini.<\/p>\n<p style=\"text-align: justify; \"><b>CILJ 3): \u0160port naj postane gonilna sila socialnega vklju\u010devanja<\/b><\/p>\n<p style=\"text-align: justify; \">\u0160port je temeljni element na \u010dustveni in dru\u017ebeni ravni, je ve\u010ddimenzionalno, dinami\u010dno in igrivo okolje, ki lahko okrepi zavedanje o sebi in telesu. Je tudi dober na\u010din za izhod iz osamljenosti in dru\u017eenje. Evropski parlament je v svoji resoluciji &#8220;Bela knjiga o \u0161portu&#8221; vklju\u010dil in raz\u0161iril ta vpra\u0161anja z opredelitvijo \u0161porta kot dejavnika socialnega vklju\u010devanja in ponovno potrdil pomen \u0161porta v \u0161oli. Procesi vklju\u010devanja so po eni strani povezani z vzpostavljanjem povezave med mladimi in lokalno skupnostjo, po drugi strani pa preu\u010dujejo izra\u017eanje subjektivnosti kot rezultat predstav in medosebnih odnosov, vklju\u010denih v \u0161port in gibalne dejavnosti.<\/p>\n<p style=\"text-align: justify; \"><b>CILJ 4): Pove\u010dati gospodarske dejavnosti, povezane s \u0161portom<\/b><\/p>\n<p style=\"text-align: justify; \">Prva opredelitev, ki je bolj omejena, omejuje obseg raziskave na ljudi, ki delajo v tem sektorju, ter na gospodarske u\u010dinke velikega profesionalnega \u0161porta in obse\u017enih dogodkov. Druga vklju\u010duje tudi posredne u\u010dinke, kot so nakup obla\u010dil in \u0161portne opreme, \u0161portni turizem, nakup \u0161portnih \u010dasopisov in publikacij.<\/p>\n<p style=\"text-align: justify; \"><b>CILJ 5): Preoblikovanje mest v &#8220;pametna \u0161portna mesta&#8221;<\/b><\/p>\n<p style=\"text-align: justify; \">Izziv se nana\u0161a na odprtje in trajnost egalitarnega javnega prostora. Cilj je, da bi prebivalci \u017eiveli v parkih in skupnih prostorih, ki se dojemajo kot javni \u0161portni objekti, ki so na voljo celotnim skupnostim.<\/p>\n<\/div><\/div><style type=\"text\/css\">.fusion-body .fusion-builder-column-0{width:75% !important;margin-top : 0px;margin-bottom : 20px;}.fusion-builder-column-0 > .fusion-column-wrapper {padding-top : 0px !important;padding-right : 0px !important;margin-right : 2.56%;padding-bottom : 0px !important;padding-left : 0px !important;margin-left : 2.56%;}@media only screen and (max-width:1024px) {.fusion-body .fusion-builder-column-0{width:75% !important;order : 0;}.fusion-builder-column-0 > .fusion-column-wrapper {margin-right : 2.56%;margin-left : 2.56%;}}@media only screen and (max-width:640px) {.fusion-body .fusion-builder-column-0{width:100% !important;order : 0;}.fusion-builder-column-0 > .fusion-column-wrapper {margin-right : 1.92%;margin-left : 1.92%;}}<\/style><\/div><div class=\"fusion-layout-column fusion_builder_column fusion-builder-column-1 fusion_builder_column_1_4 1_4 fusion-flex-column\"><div class=\"fusion-column-wrapper fusion-flex-justify-content-flex-start fusion-content-layout-column\" style=\"background-position:left top;background-repeat:no-repeat;-webkit-background-size:cover;-moz-background-size:cover;-o-background-size:cover;background-size:cover;padding: 0px 0px 0px 0px;\"><div ><style>.fusion-imageframe.imageframe-1{ margin-bottom : 20px;}<\/style><span class=\" fusion-imageframe imageframe-none imageframe-1 hover-type-none\" style=\"border:1px solid #e2e2e2;border-radius:50%;\"><img decoding=\"async\" width=\"300\" height=\"200\" title=\"Portrait of smiling male doctor sitting at desk\" src=\"https:\/\/www.searchproject.eu\/wp-content\/uploads\/2020\/12\/iStock-680482624-300x200.jpg\" alt class=\"img-responsive wp-image-105\" srcset=\"https:\/\/www.searchproject.eu\/wp-content\/uploads\/2020\/12\/iStock-680482624-200x133.jpg 200w, https:\/\/www.searchproject.eu\/wp-content\/uploads\/2020\/12\/iStock-680482624-400x267.jpg 400w, https:\/\/www.searchproject.eu\/wp-content\/uploads\/2020\/12\/iStock-680482624-600x400.jpg 600w, https:\/\/www.searchproject.eu\/wp-content\/uploads\/2020\/12\/iStock-680482624-800x533.jpg 800w, https:\/\/www.searchproject.eu\/wp-content\/uploads\/2020\/12\/iStock-680482624-1200x800.jpg 1200w\" sizes=\"(max-width: 640px) 100vw, 400px\" \/><\/span><\/div><div ><style>.fusion-imageframe.imageframe-2{ margin-bottom : 20px;}<\/style><span class=\" fusion-imageframe imageframe-none imageframe-2 hover-type-none\" style=\"border:1px solid #e2e2e2;border-radius:50%;\"><img decoding=\"async\" width=\"300\" height=\"200\" title=\"Healthy purchasing from grocery\" src=\"https:\/\/www.searchproject.eu\/wp-content\/uploads\/2020\/12\/iStock-1160204549-300x200.jpg\" alt class=\"img-responsive wp-image-110\" srcset=\"https:\/\/www.searchproject.eu\/wp-content\/uploads\/2020\/12\/iStock-1160204549-200x133.jpg 200w, https:\/\/www.searchproject.eu\/wp-content\/uploads\/2020\/12\/iStock-1160204549-400x267.jpg 400w, https:\/\/www.searchproject.eu\/wp-content\/uploads\/2020\/12\/iStock-1160204549-600x400.jpg 600w, https:\/\/www.searchproject.eu\/wp-content\/uploads\/2020\/12\/iStock-1160204549-800x533.jpg 800w, https:\/\/www.searchproject.eu\/wp-content\/uploads\/2020\/12\/iStock-1160204549-1200x800.jpg 1200w\" sizes=\"(max-width: 640px) 100vw, 400px\" \/><\/span><\/div><div ><style>.fusion-imageframe.imageframe-3{ margin-bottom : 20px;}<\/style><span class=\" fusion-imageframe imageframe-none imageframe-3 hover-type-none\" style=\"border:1px solid #e2e2e2;border-radius:50%;\"><img decoding=\"async\" width=\"300\" height=\"200\" title=\"Jogging woman relaxing on lake pier at sunrise enjoying freshness from nature\" src=\"https:\/\/www.searchproject.eu\/wp-content\/uploads\/2020\/12\/iStock-1090246106-300x200.jpg\" alt class=\"img-responsive wp-image-108\" srcset=\"https:\/\/www.searchproject.eu\/wp-content\/uploads\/2020\/12\/iStock-1090246106-200x133.jpg 200w, https:\/\/www.searchproject.eu\/wp-content\/uploads\/2020\/12\/iStock-1090246106-400x267.jpg 400w, https:\/\/www.searchproject.eu\/wp-content\/uploads\/2020\/12\/iStock-1090246106-600x400.jpg 600w, https:\/\/www.searchproject.eu\/wp-content\/uploads\/2020\/12\/iStock-1090246106-800x534.jpg 800w, https:\/\/www.searchproject.eu\/wp-content\/uploads\/2020\/12\/iStock-1090246106-1200x800.jpg 1200w\" sizes=\"(max-width: 640px) 100vw, 400px\" \/><\/span><\/div><div ><style>.fusion-imageframe.imageframe-4{ margin-bottom : 20px;}<\/style><span class=\" fusion-imageframe imageframe-none imageframe-4 hover-type-none\" style=\"border:1px solid #e2e2e2;border-radius:50%;\"><img decoding=\"async\" width=\"300\" height=\"200\" title=\"Athletic woman slicing fruit while preparing smoothie in the kitchen.\" src=\"https:\/\/www.searchproject.eu\/wp-content\/uploads\/2020\/12\/iStock-1161289659-300x200.jpg\" alt class=\"img-responsive wp-image-111\" srcset=\"https:\/\/www.searchproject.eu\/wp-content\/uploads\/2020\/12\/iStock-1161289659-200x133.jpg 200w, https:\/\/www.searchproject.eu\/wp-content\/uploads\/2020\/12\/iStock-1161289659-400x267.jpg 400w, https:\/\/www.searchproject.eu\/wp-content\/uploads\/2020\/12\/iStock-1161289659-600x400.jpg 600w, https:\/\/www.searchproject.eu\/wp-content\/uploads\/2020\/12\/iStock-1161289659-800x533.jpg 800w, https:\/\/www.searchproject.eu\/wp-content\/uploads\/2020\/12\/iStock-1161289659-1200x800.jpg 1200w\" sizes=\"(max-width: 640px) 100vw, 400px\" \/><\/span><\/div><div ><style>.fusion-imageframe.imageframe-5{ margin-bottom : 20px;}<\/style><span class=\" fusion-imageframe imageframe-none imageframe-5 hover-type-none\" style=\"border:1px solid #e2e2e2;border-radius:50%;\"><img decoding=\"async\" width=\"300\" height=\"194\" title=\"Dad with daughter on kitchen\" src=\"https:\/\/www.searchproject.eu\/wp-content\/uploads\/2020\/12\/iStock-1169134670-300x194.jpg\" alt class=\"img-responsive wp-image-114\" srcset=\"https:\/\/www.searchproject.eu\/wp-content\/uploads\/2020\/12\/iStock-1169134670-200x129.jpg 200w, https:\/\/www.searchproject.eu\/wp-content\/uploads\/2020\/12\/iStock-1169134670-400x258.jpg 400w, https:\/\/www.searchproject.eu\/wp-content\/uploads\/2020\/12\/iStock-1169134670-600x388.jpg 600w, https:\/\/www.searchproject.eu\/wp-content\/uploads\/2020\/12\/iStock-1169134670-800x517.jpg 800w, https:\/\/www.searchproject.eu\/wp-content\/uploads\/2020\/12\/iStock-1169134670-1200x775.jpg 1200w\" sizes=\"(max-width: 640px) 100vw, 400px\" \/><\/span><\/div><\/div><style type=\"text\/css\">.fusion-body .fusion-builder-column-1{width:25% !important;margin-top : 0px;margin-bottom : 20px;}.fusion-builder-column-1 > .fusion-column-wrapper {padding-top : 0px !important;padding-right : 0px !important;margin-right : 7.68%;padding-bottom : 0px !important;padding-left : 0px !important;margin-left : 7.68%;}@media only screen and (max-width:1024px) {.fusion-body .fusion-builder-column-1{width:25% !important;order : 0;}.fusion-builder-column-1 > .fusion-column-wrapper {margin-right : 7.68%;margin-left : 7.68%;}}@media only screen and (max-width:640px) {.fusion-body .fusion-builder-column-1{width:100% !important;order : 0;}.fusion-builder-column-1 > .fusion-column-wrapper {margin-right : 1.92%;margin-left : 1.92%;}}<\/style><\/div><\/div><style type=\"text\/css\">.fusion-body .fusion-flex-container.fusion-builder-row-1{ padding-top : 0px;margin-top : 20px;padding-right : 0px;padding-bottom : 0px;margin-bottom : 0px;padding-left : 0px;}<\/style><\/div>\n","protected":false},"excerpt":{"rendered":"","protected":false},"author":4,"featured_media":0,"parent":0,"menu_order":0,"comment_status":"closed","ping_status":"closed","template":"","meta":[],"_links":{"self":[{"href":"https:\/\/www.searchproject.eu\/index.php?rest_route=\/wp\/v2\/pages\/521"}],"collection":[{"href":"https:\/\/www.searchproject.eu\/index.php?rest_route=\/wp\/v2\/pages"}],"about":[{"href":"https:\/\/www.searchproject.eu\/index.php?rest_route=\/wp\/v2\/types\/page"}],"author":[{"embeddable":true,"href":"https:\/\/www.searchproject.eu\/index.php?rest_route=\/wp\/v2\/users\/4"}],"replies":[{"embeddable":true,"href":"https:\/\/www.searchproject.eu\/index.php?rest_route=%2Fwp%2Fv2%2Fcomments&post=521"}],"version-history":[{"count":3,"href":"https:\/\/www.searchproject.eu\/index.php?rest_route=\/wp\/v2\/pages\/521\/revisions"}],"predecessor-version":[{"id":525,"href":"https:\/\/www.searchproject.eu\/index.php?rest_route=\/wp\/v2\/pages\/521\/revisions\/525"}],"wp:attachment":[{"href":"https:\/\/www.searchproject.eu\/index.php?rest_route=%2Fwp%2Fv2%2Fmedia&parent=521"}],"curies":[{"name":"wp","href":"https:\/\/api.w.org\/{rel}","templated":true}]}}