{"id":492,"date":"2022-11-20T14:43:58","date_gmt":"2022-11-20T13:43:58","guid":{"rendered":"https:\/\/www.searchproject.eu\/?page_id=492"},"modified":"2022-11-20T14:46:41","modified_gmt":"2022-11-20T13:46:41","slug":"innovative-aspekte","status":"publish","type":"page","link":"https:\/\/www.searchproject.eu\/?page_id=492&lang=de","title":{"rendered":"Innovative Aspekte"},"content":{"rendered":"<div class=\"fusion-fullwidth fullwidth-box fusion-builder-row-1 fusion-flex-container nonhundred-percent-fullwidth non-hundred-percent-height-scrolling\" style=\"background-color: rgba(255,255,255,0);background-position: center center;background-repeat: no-repeat;border-width: 0px 0px 0px 0px;border-color:#e2e2e2;border-style:solid;\" ><div class=\"fusion-builder-row fusion-row fusion-flex-align-items-flex-start\" style=\"max-width:1248px;margin-left: calc(-4% \/ 2 );margin-right: calc(-4% \/ 2 );\"><div class=\"fusion-layout-column fusion_builder_column fusion-builder-column-0 fusion_builder_column_3_4 3_4 fusion-flex-column\"><div class=\"fusion-column-wrapper fusion-flex-justify-content-flex-start fusion-content-layout-column\" style=\"background-position:left top;background-repeat:no-repeat;-webkit-background-size:cover;-moz-background-size:cover;-o-background-size:cover;background-size:cover;padding: 0px 0px 0px 0px;\"><div class=\"fusion-text fusion-text-1\" style=\"color:#000000;\"><p align=\"justify\"><b>Innovative Aspekte<\/b><\/p>\n<p style=\"text-align: justify; \">Die Schaffung einer Perspektive f\u00fcr die \u00c4nderung k\u00fcnftiger Verhaltensmuster durch die Erziehung zu einer gesunden Lebensweise und st\u00e4ndiger sportlicher Bet\u00e4tigung bedeutet, dass sich die Einstellung der Kinder und ihrer Eltern zum Sport \u00e4ndert. Sport ist gleichzeitig Vorreiter und Innovator, im Gegensatz zu anderen Disziplinen, die eine lange Zeit brauchen, um F\u00e4higkeiten zu entwickeln. Die Sporterziehung kann dazu beitragen, fr\u00fchzeitige F\u00e4higkeiten zu f\u00f6rdern und zu erweitern. Mit anderen Worten, F\u00e4higkeiten, die junge Menschen dann nachahmen und auf andere Bereiche der Realit\u00e4t ausdehnen k\u00f6nnen: eine geordnete, systematische Anstrengung, die zu bestimmten Ergebnissen f\u00fchrt, und egal auf welchem Niveau, der Grad der Zufriedenheit ist so hoch, dass er immer mit Wohlbefinden zusammenf\u00e4llt. Das ist das innovative Thema, denn k\u00f6rperliche Bet\u00e4tigung bedeutet, eine existenzielle Dimension zu verlassen, die oft mit Langeweile, Leiden und Unbehagen verbunden ist. Wenn man seine k\u00f6rperlichen Batterien wieder aufl\u00e4dt, kann man verschiedene Situationen im realen Leben mit viel mehr Kraft bew\u00e4ltigen, da das k\u00f6rperliche und geistige Wohlbefinden gew\u00e4hrleistet ist. Eine Studie, die von Forschern der Weltgesundheitsorganisation (WHO 2016-2018) durchgef\u00fchrt und in der Zeitschrift Lancet Global Health ver\u00f6ffentlicht wurde, zeigt, dass dieses Thema Anlass zu ernster Sorge geben muss. Es ist bekannt, dass k\u00f6rperliche Inaktivit\u00e4t mit einem h\u00f6heren Risiko f\u00fcr Herz-Kreislauf-Erkrankungen, Schlaganfall, Darmkrebs, Brustkrebs und Diabetes Typ II verbunden ist. Die Autorin der Studie, Regina Guthold, schlug Alarm: &#8220;Im Gegensatz zu anderen wichtigen globalen Gesundheitsrisiken nimmt die sitzende Lebensweise nicht ab, und mehr als ein Viertel aller Erwachsenen erreicht nicht das f\u00fcr eine gute Gesundheit empfohlene Ma\u00df an k\u00f6rperlicher Aktivit\u00e4t&#8221;.<\/p>\n<p style=\"text-align: justify; \">\u00dcber diese Punkte zu sprechen bedeutet, den Ansatz f\u00fcr Sport, Wohlbefinden und richtige Ern\u00e4hrung von Kindern und Eltern v\u00f6llig zu ver\u00e4ndern. Wir wollen eine innovative Perspektive schaffen, die durch verschiedene methodische Ans\u00e4tze den allgemeinen Ansatz zum Sport ver\u00e4ndert, indem wir lehren, ein gesundes Leben zu f\u00fchren, indem wir st\u00e4ndig Sport treiben.<\/p>\n<p style=\"text-align: justify; \">Das <b>Projekt SEARCH &#8211; Sport Education for Active and Responsible Citizenship through Health caring<\/b> befasst sich mit der Frage der Erziehung zum Sport f\u00fcr ein psycho-physisches Wohlbefinden des Einzelnen in seinem gegenw\u00e4rtigen, aber auch in seinem zuk\u00fcnftigen Leben.<\/p>\n<p style=\"text-align: justify; \">Die anderen innovativen Pl\u00e4ne sind:<\/p>\n<p style=\"text-align: justify; \"><b>Aus technologischer Sicht<\/b><\/p>\n<p style=\"text-align: justify; \">Lehrer und Sportlehrer k\u00f6nnen die E-Learning-Lektionen mit einem H\u00f6chstma\u00df an Flexibilit\u00e4t verfolgen. Sie werden immer online verf\u00fcgbar sein, und jeder der Teilnehmer wird jederzeit die M\u00f6glichkeit haben, auf diese Ressource zuzugreifen und sie zu konsultieren. Die Plattform wird nicht nur die Module enthalten, sondern auch Erfahrungen, bew\u00e4hrte Praktiken und alle Informationen, die auf nationaler und internationaler Ebene mit den europ\u00e4ischen Partnern ausgetauscht werden k\u00f6nnen. Die Jugendlichen k\u00f6nnen die APP direkt auf ihr Smartphone herunterladen, um st\u00e4ndig \u00fcber ihre Aktivit\u00e4ten und ihren Lebensmittelkonsum auf dem Laufenden gehalten zu werden.<\/p>\n<p style=\"text-align: justify; \"><b>Vom Standpunkt der Bildung aus gesehen<\/b><\/p>\n<p style=\"text-align: justify; \">Die E-Learning-Ausbildung f\u00fcr Erwachsene und \u00fcber die APP f\u00fcr Jugendliche zielt darauf ab, einen neuen Ansatz f\u00fcr einen technologisch fortschrittlichen Unterricht darzustellen, in dem Bewusstsein, dass das Werkzeug, das zunehmend alle Aspekte dieser \u00c4ra umfasst, das &#8220;Werden&#8221; ist. Die Materialien werden immer frei zug\u00e4nglich und verf\u00fcgbar sein, um das Verst\u00e4ndnis der Themen noch einfacher zu machen.<\/p>\n<\/div><\/div><style type=\"text\/css\">.fusion-body .fusion-builder-column-0{width:75% !important;margin-top : 0px;margin-bottom : 20px;}.fusion-builder-column-0 > .fusion-column-wrapper {padding-top : 0px !important;padding-right : 0px !important;margin-right : 2.56%;padding-bottom : 0px !important;padding-left : 0px !important;margin-left : 2.56%;}@media only screen and (max-width:1024px) {.fusion-body .fusion-builder-column-0{width:75% !important;order : 0;}.fusion-builder-column-0 > .fusion-column-wrapper {margin-right : 2.56%;margin-left : 2.56%;}}@media only screen and (max-width:640px) {.fusion-body .fusion-builder-column-0{width:100% !important;order : 0;}.fusion-builder-column-0 > .fusion-column-wrapper {margin-right : 1.92%;margin-left : 1.92%;}}<\/style><\/div><div class=\"fusion-layout-column fusion_builder_column fusion-builder-column-1 fusion_builder_column_1_4 1_4 fusion-flex-column\"><div class=\"fusion-column-wrapper fusion-flex-justify-content-flex-start fusion-content-layout-column\" style=\"background-position:left top;background-repeat:no-repeat;-webkit-background-size:cover;-moz-background-size:cover;-o-background-size:cover;background-size:cover;padding: 0px 0px 0px 0px;\"><div ><style>.fusion-imageframe.imageframe-1{ margin-bottom : 20px;}<\/style><span class=\" fusion-imageframe imageframe-none imageframe-1 hover-type-none\" style=\"border:1px solid #e2e2e2;border-radius:50%;\"><img decoding=\"async\" width=\"300\" height=\"200\" title=\"Portrait of smiling male doctor sitting at desk\" src=\"https:\/\/www.searchproject.eu\/wp-content\/uploads\/2020\/12\/iStock-680482624-300x200.jpg\" alt class=\"img-responsive wp-image-105\" srcset=\"https:\/\/www.searchproject.eu\/wp-content\/uploads\/2020\/12\/iStock-680482624-200x133.jpg 200w, https:\/\/www.searchproject.eu\/wp-content\/uploads\/2020\/12\/iStock-680482624-400x267.jpg 400w, https:\/\/www.searchproject.eu\/wp-content\/uploads\/2020\/12\/iStock-680482624-600x400.jpg 600w, https:\/\/www.searchproject.eu\/wp-content\/uploads\/2020\/12\/iStock-680482624-800x533.jpg 800w, https:\/\/www.searchproject.eu\/wp-content\/uploads\/2020\/12\/iStock-680482624-1200x800.jpg 1200w\" sizes=\"(max-width: 640px) 100vw, 400px\" \/><\/span><\/div><div ><style>.fusion-imageframe.imageframe-2{ margin-bottom : 20px;}<\/style><span class=\" fusion-imageframe imageframe-none imageframe-2 hover-type-none\" style=\"border:1px solid #e2e2e2;border-radius:50%;\"><img decoding=\"async\" width=\"300\" height=\"200\" title=\"Healthy purchasing from grocery\" src=\"https:\/\/www.searchproject.eu\/wp-content\/uploads\/2020\/12\/iStock-1160204549-300x200.jpg\" alt class=\"img-responsive wp-image-110\" srcset=\"https:\/\/www.searchproject.eu\/wp-content\/uploads\/2020\/12\/iStock-1160204549-200x133.jpg 200w, https:\/\/www.searchproject.eu\/wp-content\/uploads\/2020\/12\/iStock-1160204549-400x267.jpg 400w, https:\/\/www.searchproject.eu\/wp-content\/uploads\/2020\/12\/iStock-1160204549-600x400.jpg 600w, https:\/\/www.searchproject.eu\/wp-content\/uploads\/2020\/12\/iStock-1160204549-800x533.jpg 800w, https:\/\/www.searchproject.eu\/wp-content\/uploads\/2020\/12\/iStock-1160204549-1200x800.jpg 1200w\" sizes=\"(max-width: 640px) 100vw, 400px\" \/><\/span><\/div><div ><style>.fusion-imageframe.imageframe-3{ margin-bottom : 20px;}<\/style><span class=\" fusion-imageframe imageframe-none imageframe-3 hover-type-none\" style=\"border:1px solid #e2e2e2;border-radius:50%;\"><img decoding=\"async\" width=\"300\" height=\"200\" title=\"Jogging woman relaxing on lake pier at sunrise enjoying freshness from nature\" src=\"https:\/\/www.searchproject.eu\/wp-content\/uploads\/2020\/12\/iStock-1090246106-300x200.jpg\" alt class=\"img-responsive wp-image-108\" srcset=\"https:\/\/www.searchproject.eu\/wp-content\/uploads\/2020\/12\/iStock-1090246106-200x133.jpg 200w, https:\/\/www.searchproject.eu\/wp-content\/uploads\/2020\/12\/iStock-1090246106-400x267.jpg 400w, https:\/\/www.searchproject.eu\/wp-content\/uploads\/2020\/12\/iStock-1090246106-600x400.jpg 600w, https:\/\/www.searchproject.eu\/wp-content\/uploads\/2020\/12\/iStock-1090246106-800x534.jpg 800w, https:\/\/www.searchproject.eu\/wp-content\/uploads\/2020\/12\/iStock-1090246106-1200x800.jpg 1200w\" sizes=\"(max-width: 640px) 100vw, 400px\" \/><\/span><\/div><div ><style>.fusion-imageframe.imageframe-4{ margin-bottom : 20px;}<\/style><span class=\" fusion-imageframe imageframe-none imageframe-4 hover-type-none\" style=\"border:1px solid #e2e2e2;border-radius:50%;\"><img decoding=\"async\" width=\"300\" height=\"200\" title=\"Athletic woman slicing fruit while preparing smoothie in the kitchen.\" src=\"https:\/\/www.searchproject.eu\/wp-content\/uploads\/2020\/12\/iStock-1161289659-300x200.jpg\" alt class=\"img-responsive wp-image-111\" srcset=\"https:\/\/www.searchproject.eu\/wp-content\/uploads\/2020\/12\/iStock-1161289659-200x133.jpg 200w, https:\/\/www.searchproject.eu\/wp-content\/uploads\/2020\/12\/iStock-1161289659-400x267.jpg 400w, https:\/\/www.searchproject.eu\/wp-content\/uploads\/2020\/12\/iStock-1161289659-600x400.jpg 600w, https:\/\/www.searchproject.eu\/wp-content\/uploads\/2020\/12\/iStock-1161289659-800x533.jpg 800w, https:\/\/www.searchproject.eu\/wp-content\/uploads\/2020\/12\/iStock-1161289659-1200x800.jpg 1200w\" sizes=\"(max-width: 640px) 100vw, 400px\" \/><\/span><\/div><div ><style>.fusion-imageframe.imageframe-5{ margin-bottom : 20px;}<\/style><span class=\" fusion-imageframe imageframe-none imageframe-5 hover-type-none\" style=\"border:1px solid #e2e2e2;border-radius:50%;\"><img decoding=\"async\" width=\"300\" height=\"194\" title=\"Dad with daughter on kitchen\" src=\"https:\/\/www.searchproject.eu\/wp-content\/uploads\/2020\/12\/iStock-1169134670-300x194.jpg\" alt class=\"img-responsive wp-image-114\" srcset=\"https:\/\/www.searchproject.eu\/wp-content\/uploads\/2020\/12\/iStock-1169134670-200x129.jpg 200w, https:\/\/www.searchproject.eu\/wp-content\/uploads\/2020\/12\/iStock-1169134670-400x258.jpg 400w, https:\/\/www.searchproject.eu\/wp-content\/uploads\/2020\/12\/iStock-1169134670-600x388.jpg 600w, https:\/\/www.searchproject.eu\/wp-content\/uploads\/2020\/12\/iStock-1169134670-800x517.jpg 800w, https:\/\/www.searchproject.eu\/wp-content\/uploads\/2020\/12\/iStock-1169134670-1200x775.jpg 1200w\" sizes=\"(max-width: 640px) 100vw, 400px\" \/><\/span><\/div><\/div><style type=\"text\/css\">.fusion-body .fusion-builder-column-1{width:25% !important;margin-top : 0px;margin-bottom : 20px;}.fusion-builder-column-1 > .fusion-column-wrapper {padding-top : 0px !important;padding-right : 0px !important;margin-right : 7.68%;padding-bottom : 0px !important;padding-left : 0px !important;margin-left : 7.68%;}@media only screen and (max-width:1024px) {.fusion-body .fusion-builder-column-1{width:25% !important;order : 0;}.fusion-builder-column-1 > .fusion-column-wrapper {margin-right : 7.68%;margin-left : 7.68%;}}@media only screen and (max-width:640px) {.fusion-body .fusion-builder-column-1{width:100% !important;order : 0;}.fusion-builder-column-1 > .fusion-column-wrapper {margin-right : 1.92%;margin-left : 1.92%;}}<\/style><\/div><\/div><style type=\"text\/css\">.fusion-body .fusion-flex-container.fusion-builder-row-1{ padding-top : 0px;margin-top : 20px;padding-right : 0px;padding-bottom : 0px;margin-bottom : 0px;padding-left : 0px;}<\/style><\/div>\n","protected":false},"excerpt":{"rendered":"","protected":false},"author":4,"featured_media":0,"parent":0,"menu_order":0,"comment_status":"closed","ping_status":"closed","template":"","meta":[],"_links":{"self":[{"href":"https:\/\/www.searchproject.eu\/index.php?rest_route=\/wp\/v2\/pages\/492"}],"collection":[{"href":"https:\/\/www.searchproject.eu\/index.php?rest_route=\/wp\/v2\/pages"}],"about":[{"href":"https:\/\/www.searchproject.eu\/index.php?rest_route=\/wp\/v2\/types\/page"}],"author":[{"embeddable":true,"href":"https:\/\/www.searchproject.eu\/index.php?rest_route=\/wp\/v2\/users\/4"}],"replies":[{"embeddable":true,"href":"https:\/\/www.searchproject.eu\/index.php?rest_route=%2Fwp%2Fv2%2Fcomments&post=492"}],"version-history":[{"count":2,"href":"https:\/\/www.searchproject.eu\/index.php?rest_route=\/wp\/v2\/pages\/492\/revisions"}],"predecessor-version":[{"id":495,"href":"https:\/\/www.searchproject.eu\/index.php?rest_route=\/wp\/v2\/pages\/492\/revisions\/495"}],"wp:attachment":[{"href":"https:\/\/www.searchproject.eu\/index.php?rest_route=%2Fwp%2Fv2%2Fmedia&parent=492"}],"curies":[{"name":"wp","href":"https:\/\/api.w.org\/{rel}","templated":true}]}}