{"id":482,"date":"2022-11-20T14:28:00","date_gmt":"2022-11-20T13:28:00","guid":{"rendered":"https:\/\/www.searchproject.eu\/?page_id=482"},"modified":"2022-11-20T14:31:32","modified_gmt":"2022-11-20T13:31:32","slug":"search-projekt","status":"publish","type":"page","link":"https:\/\/www.searchproject.eu\/?page_id=482&lang=de","title":{"rendered":"SEARCH-Projekt"},"content":{"rendered":"<div class=\"fusion-fullwidth fullwidth-box fusion-builder-row-1 fusion-flex-container nonhundred-percent-fullwidth non-hundred-percent-height-scrolling\" style=\"background-color: rgba(255,255,255,0);background-position: center center;background-repeat: no-repeat;border-width: 0px 0px 0px 0px;border-color:#e2e2e2;border-style:solid;\" ><div class=\"fusion-builder-row fusion-row fusion-flex-align-items-flex-start\" style=\"max-width:1248px;margin-left: calc(-4% \/ 2 );margin-right: calc(-4% \/ 2 );\"><div class=\"fusion-layout-column fusion_builder_column fusion-builder-column-0 fusion_builder_column_3_4 3_4 fusion-flex-column\"><div class=\"fusion-column-wrapper fusion-flex-justify-content-flex-start fusion-content-layout-column\" style=\"background-position:left top;background-repeat:no-repeat;-webkit-background-size:cover;-moz-background-size:cover;-o-background-size:cover;background-size:cover;padding: 0px 0px 0px 0px;\"><div class=\"fusion-text fusion-text-1\" style=\"color:#000000;\"><p align=\"justify\"><span style=\"background-color: rgba(255, 255, 255, 0); font-family: var(--body_typography-font-family); font-size: var(--body_typography-font-size); font-style: var(--body_typography-font-style,normal); font-weight: var(--body_typography-font-weight); letter-spacing: var(--body_typography-letter-spacing);\">Das <\/span><span style=\"background-color: rgba(255, 255, 255, 0); font-family: var(--body_typography-font-family); font-size: var(--body_typography-font-size); font-style: var(--body_typography-font-style,normal); letter-spacing: var(--body_typography-letter-spacing);\"><b>Projekt SEARCH &#8211; Sport Education for Active and Responsible Citizenship through Health caring <\/b><\/span><span style=\"background-color: rgba(255, 255, 255, 0); font-family: var(--body_typography-font-family); font-size: var(--body_typography-font-size); font-style: var(--body_typography-font-style,normal); font-weight: var(--body_typography-font-weight); letter-spacing: var(--body_typography-letter-spacing);\">&#8211; zielt darauf ab, junge europ\u00e4ische B\u00fcrger auszubilden und konkret eine Ma\u00dfnahmen vorzuschlagen, um verschiedene Bereiche im Zusammenhang mit der Verbreitung von Kultur und Sport zu organisieren. Das Projekt zielt darauf ab, junge Menschen f\u00fcr die Bedeutung sportbezogener Themen zu sensibilisieren, was zu einem neuen Verhalten f\u00fchren kann, das auf Wohlbefinden, Eingliederung und volle B\u00fcrgerbeteiligung ausgerichtet ist.<\/span><\/p>\n<p style=\"text-align: justify; \">Die F\u00f6rderung der Sporterziehung muss ein Hauptziel f\u00fcr jede Regierung sein: Es gen\u00fcgt, die \u00e4u\u00dferst negativen Auswirkungen des sitzenden Lebens in der modernen Gesellschaft zu ber\u00fccksichtigen. Abgesehen von dem menschlichen Schicksal, das mit dem Auftreten von Krankheiten verbunden ist, die auf schlechte Gewohnheiten und wenig Bewegung zur\u00fcckzuf\u00fchren sind, verursacht eine geringe Neigung zur Bewegungserziehung hohe soziale Kosten, da die Erkrankten Pflege und Unterst\u00fctzung durch das nationale Gesundheitssystem ben\u00f6tigen. Es geht nicht einfach darum, den Raum f\u00fcr motorische Aktivit\u00e4ten zu vergr\u00f6\u00dfern, sondern darum, systematisch in die Verbreitung einer Kultur einzugreifen, die den Sport und alle seine Werte umfasst, um eine langfristige wirtschaftliche Antwort zu haben, indem \u00f6ffentliche Ausgaben eingespart werden. <\/p>\n<p><b>PROJEKTZIELE<\/b><\/p>\n<p><b>ZIEL 1): Die erzieherische Wirkung des Sports verst\u00e4rken<\/b><\/p>\n<p style=\"text-align: justify; \">Sport spielt eine entscheidende Rolle in der Erziehung von Kindern, er ist eine Gelegenheit, K\u00f6rper und Geist zu trainieren, er hilft bei der Entwicklung der Lernf\u00e4higkeit (wissen &#8211; wissen, wie man tut &#8211; wissen, wie man ist) und gibt eine Art Leitfaden, der es erm\u00f6glicht, mit Leichtigkeit und Freude erwachsen zu werden. K\u00f6rperliche Aktivit\u00e4t schafft ein hohes Ma\u00df an Zufriedenheit und Wohlbefinden, das auch auf den menschlichen Werten beruht, die die Teilnehmer\/Trainees erlangen.<\/p>\n<p><b>ZIEL 2): F\u00f6rderung von Sportpraktiken zur Kontrolle der nationalen Gesundheits- und Sozialkosten<\/b><\/p>\n<p style=\"text-align: justify; \">Investitionen in den Sport erm\u00f6glichen Einsparungen bei der Gesundheitsf\u00fcrsorge und verringern den sitzenden Lebensstil. Einsparungen bei den Sozial- und Gesundheitskosten sind ein bereichs\u00fcbergreifendes Ergebnis, das auf verschiedenen Ebenen erzielt wird, wie in allen Untersuchungen weltweit bekannt und bewiesen ist. In erster Linie geht es um Pr\u00e4vention, aber auch um Therapie, Rekonditionierung, Verringerung von R\u00fcckf\u00e4llen, und all dies wird noch deutlicher, wenn wir von Gender-Medizin sprechen.<\/p>\n<p><b>ZIEL 3): Den Sport zu einer Kraft der sozialen Integration machen<\/b><\/p>\n<p style=\"text-align: justify; \">Sport ist ein grundlegendes Element auf emotionaler und sozialer Ebene, er ist ein multidimensionales, dynamisches, spielerisches Umfeld, das das Selbst- und K\u00f6rperbewusstsein f\u00f6rdern kann. Er ist auch ein guter Weg, um aus der Isolation herauszukommen und Kontakte zu kn\u00fcpfen. Das Europ\u00e4ische Parlament hat in seiner Entschlie\u00dfung zum &#8220;Wei\u00dfbuch Sport&#8221; diese Themen aufgenommen und erweitert, indem es den Sport als Faktor der sozialen Eingliederung definiert und die Bedeutung des Sports in der Schule bekr\u00e4ftigt hat. Die Eingliederungsprozesse sind einerseits mit dem Aufbau einer Verbindung zwischen den Jugendlichen und der lokalen Gemeinschaft verbunden, w\u00e4hrend sie andererseits den Ausdruck der Subjektivit\u00e4t als Ergebnis der Darstellungen und der zwischenmenschlichen Beziehungen, die mit Sport und motorischer Aktivit\u00e4t verbunden sind, untersuchen.<\/p>\n<p><b>ZIEL 4): Steigerung der wirtschaftlichen Aktivit\u00e4ten im Zusammenhang mit dem Sport<\/b><\/p>\n<p style=\"text-align: justify; \">Die erste Definition, die enger gefasst ist, beschr\u00e4nkt den Erhebungsbereich auf die in diesem Sektor t\u00e4tigen Personen und auf die wirtschaftlichen Auswirkungen von gro\u00dfem Profisport und Gro\u00dfveranstaltungen. Die zweite Definition umfasst auch indirekte Auswirkungen wie den Kauf von Kleidung und Sportausr\u00fcstung, Sporttourismus, den Kauf von Sportzeitungen und -publikationen.<\/p>\n<p><b>ZIEL 5): St\u00e4dte in &#8220;Smart-Sport-St\u00e4dte&#8221; verwandeln<\/b><\/p>\n<p style=\"text-align: justify; \">Die Herausforderung besteht in der \u00d6ffnung und Best\u00e4ndigkeit des egalit\u00e4ren \u00f6ffentlichen Raums. Ziel ist es, die B\u00fcrger dazu zu bringen, Parks und Gemeinschaftsfl\u00e4chen zu nutzen, die als \u00f6ffentliche Sporteinrichtungen wahrgenommen werden und der gesamten Gemeinschaft zur Verf\u00fcgung stehen.<\/p>\n<\/div><\/div><style type=\"text\/css\">.fusion-body .fusion-builder-column-0{width:75% !important;margin-top : 0px;margin-bottom : 20px;}.fusion-builder-column-0 > .fusion-column-wrapper {padding-top : 0px !important;padding-right : 0px !important;margin-right : 2.56%;padding-bottom : 0px !important;padding-left : 0px !important;margin-left : 2.56%;}@media only screen and (max-width:1024px) {.fusion-body .fusion-builder-column-0{width:75% !important;order : 0;}.fusion-builder-column-0 > .fusion-column-wrapper {margin-right : 2.56%;margin-left : 2.56%;}}@media only screen and (max-width:640px) {.fusion-body .fusion-builder-column-0{width:100% !important;order : 0;}.fusion-builder-column-0 > .fusion-column-wrapper {margin-right : 1.92%;margin-left : 1.92%;}}<\/style><\/div><div class=\"fusion-layout-column fusion_builder_column fusion-builder-column-1 fusion_builder_column_1_4 1_4 fusion-flex-column\"><div class=\"fusion-column-wrapper fusion-flex-justify-content-flex-start fusion-content-layout-column\" style=\"background-position:left top;background-repeat:no-repeat;-webkit-background-size:cover;-moz-background-size:cover;-o-background-size:cover;background-size:cover;padding: 0px 0px 0px 0px;\"><div ><style>.fusion-imageframe.imageframe-1{ margin-bottom : 20px;}<\/style><span class=\" fusion-imageframe imageframe-none imageframe-1 hover-type-none\" style=\"border:1px solid #e2e2e2;border-radius:50%;\"><img decoding=\"async\" width=\"300\" height=\"200\" title=\"Portrait of smiling male doctor sitting at desk\" src=\"https:\/\/www.searchproject.eu\/wp-content\/uploads\/2020\/12\/iStock-680482624-300x200.jpg\" alt class=\"img-responsive wp-image-105\" srcset=\"https:\/\/www.searchproject.eu\/wp-content\/uploads\/2020\/12\/iStock-680482624-200x133.jpg 200w, https:\/\/www.searchproject.eu\/wp-content\/uploads\/2020\/12\/iStock-680482624-400x267.jpg 400w, https:\/\/www.searchproject.eu\/wp-content\/uploads\/2020\/12\/iStock-680482624-600x400.jpg 600w, https:\/\/www.searchproject.eu\/wp-content\/uploads\/2020\/12\/iStock-680482624-800x533.jpg 800w, https:\/\/www.searchproject.eu\/wp-content\/uploads\/2020\/12\/iStock-680482624-1200x800.jpg 1200w\" sizes=\"(max-width: 640px) 100vw, 400px\" \/><\/span><\/div><div ><style>.fusion-imageframe.imageframe-2{ margin-bottom : 20px;}<\/style><span class=\" fusion-imageframe imageframe-none imageframe-2 hover-type-none\" style=\"border:1px solid #e2e2e2;border-radius:50%;\"><img decoding=\"async\" width=\"300\" height=\"200\" title=\"Healthy purchasing from grocery\" src=\"https:\/\/www.searchproject.eu\/wp-content\/uploads\/2020\/12\/iStock-1160204549-300x200.jpg\" alt class=\"img-responsive wp-image-110\" srcset=\"https:\/\/www.searchproject.eu\/wp-content\/uploads\/2020\/12\/iStock-1160204549-200x133.jpg 200w, https:\/\/www.searchproject.eu\/wp-content\/uploads\/2020\/12\/iStock-1160204549-400x267.jpg 400w, https:\/\/www.searchproject.eu\/wp-content\/uploads\/2020\/12\/iStock-1160204549-600x400.jpg 600w, https:\/\/www.searchproject.eu\/wp-content\/uploads\/2020\/12\/iStock-1160204549-800x533.jpg 800w, https:\/\/www.searchproject.eu\/wp-content\/uploads\/2020\/12\/iStock-1160204549-1200x800.jpg 1200w\" sizes=\"(max-width: 640px) 100vw, 400px\" \/><\/span><\/div><div ><style>.fusion-imageframe.imageframe-3{ margin-bottom : 20px;}<\/style><span class=\" fusion-imageframe imageframe-none imageframe-3 hover-type-none\" style=\"border:1px solid #e2e2e2;border-radius:50%;\"><img decoding=\"async\" width=\"300\" height=\"200\" title=\"Jogging woman relaxing on lake pier at sunrise enjoying freshness from nature\" src=\"https:\/\/www.searchproject.eu\/wp-content\/uploads\/2020\/12\/iStock-1090246106-300x200.jpg\" alt class=\"img-responsive wp-image-108\" srcset=\"https:\/\/www.searchproject.eu\/wp-content\/uploads\/2020\/12\/iStock-1090246106-200x133.jpg 200w, https:\/\/www.searchproject.eu\/wp-content\/uploads\/2020\/12\/iStock-1090246106-400x267.jpg 400w, https:\/\/www.searchproject.eu\/wp-content\/uploads\/2020\/12\/iStock-1090246106-600x400.jpg 600w, https:\/\/www.searchproject.eu\/wp-content\/uploads\/2020\/12\/iStock-1090246106-800x534.jpg 800w, https:\/\/www.searchproject.eu\/wp-content\/uploads\/2020\/12\/iStock-1090246106-1200x800.jpg 1200w\" sizes=\"(max-width: 640px) 100vw, 400px\" \/><\/span><\/div><div ><style>.fusion-imageframe.imageframe-4{ margin-bottom : 20px;}<\/style><span class=\" fusion-imageframe imageframe-none imageframe-4 hover-type-none\" style=\"border:1px solid #e2e2e2;border-radius:50%;\"><img decoding=\"async\" width=\"300\" height=\"200\" title=\"Athletic woman slicing fruit while preparing smoothie in the kitchen.\" src=\"https:\/\/www.searchproject.eu\/wp-content\/uploads\/2020\/12\/iStock-1161289659-300x200.jpg\" alt class=\"img-responsive wp-image-111\" srcset=\"https:\/\/www.searchproject.eu\/wp-content\/uploads\/2020\/12\/iStock-1161289659-200x133.jpg 200w, https:\/\/www.searchproject.eu\/wp-content\/uploads\/2020\/12\/iStock-1161289659-400x267.jpg 400w, https:\/\/www.searchproject.eu\/wp-content\/uploads\/2020\/12\/iStock-1161289659-600x400.jpg 600w, https:\/\/www.searchproject.eu\/wp-content\/uploads\/2020\/12\/iStock-1161289659-800x533.jpg 800w, https:\/\/www.searchproject.eu\/wp-content\/uploads\/2020\/12\/iStock-1161289659-1200x800.jpg 1200w\" sizes=\"(max-width: 640px) 100vw, 400px\" \/><\/span><\/div><div ><style>.fusion-imageframe.imageframe-5{ margin-bottom : 20px;}<\/style><span class=\" fusion-imageframe imageframe-none imageframe-5 hover-type-none\" style=\"border:1px solid #e2e2e2;border-radius:50%;\"><img decoding=\"async\" width=\"300\" height=\"194\" title=\"Dad with daughter on kitchen\" src=\"https:\/\/www.searchproject.eu\/wp-content\/uploads\/2020\/12\/iStock-1169134670-300x194.jpg\" alt class=\"img-responsive wp-image-114\" srcset=\"https:\/\/www.searchproject.eu\/wp-content\/uploads\/2020\/12\/iStock-1169134670-200x129.jpg 200w, https:\/\/www.searchproject.eu\/wp-content\/uploads\/2020\/12\/iStock-1169134670-400x258.jpg 400w, https:\/\/www.searchproject.eu\/wp-content\/uploads\/2020\/12\/iStock-1169134670-600x388.jpg 600w, https:\/\/www.searchproject.eu\/wp-content\/uploads\/2020\/12\/iStock-1169134670-800x517.jpg 800w, https:\/\/www.searchproject.eu\/wp-content\/uploads\/2020\/12\/iStock-1169134670-1200x775.jpg 1200w\" sizes=\"(max-width: 640px) 100vw, 400px\" \/><\/span><\/div><\/div><style type=\"text\/css\">.fusion-body .fusion-builder-column-1{width:25% !important;margin-top : 0px;margin-bottom : 20px;}.fusion-builder-column-1 > .fusion-column-wrapper {padding-top : 0px !important;padding-right : 0px !important;margin-right : 7.68%;padding-bottom : 0px !important;padding-left : 0px !important;margin-left : 7.68%;}@media only screen and (max-width:1024px) {.fusion-body .fusion-builder-column-1{width:25% !important;order : 0;}.fusion-builder-column-1 > .fusion-column-wrapper {margin-right : 7.68%;margin-left : 7.68%;}}@media only screen and (max-width:640px) {.fusion-body .fusion-builder-column-1{width:100% !important;order : 0;}.fusion-builder-column-1 > .fusion-column-wrapper {margin-right : 1.92%;margin-left : 1.92%;}}<\/style><\/div><\/div><style type=\"text\/css\">.fusion-body .fusion-flex-container.fusion-builder-row-1{ padding-top : 0px;margin-top : 20px;padding-right : 0px;padding-bottom : 0px;margin-bottom : 0px;padding-left : 0px;}<\/style><\/div>\n","protected":false},"excerpt":{"rendered":"","protected":false},"author":4,"featured_media":0,"parent":0,"menu_order":0,"comment_status":"closed","ping_status":"closed","template":"","meta":[],"_links":{"self":[{"href":"https:\/\/www.searchproject.eu\/index.php?rest_route=\/wp\/v2\/pages\/482"}],"collection":[{"href":"https:\/\/www.searchproject.eu\/index.php?rest_route=\/wp\/v2\/pages"}],"about":[{"href":"https:\/\/www.searchproject.eu\/index.php?rest_route=\/wp\/v2\/types\/page"}],"author":[{"embeddable":true,"href":"https:\/\/www.searchproject.eu\/index.php?rest_route=\/wp\/v2\/users\/4"}],"replies":[{"embeddable":true,"href":"https:\/\/www.searchproject.eu\/index.php?rest_route=%2Fwp%2Fv2%2Fcomments&post=482"}],"version-history":[{"count":2,"href":"https:\/\/www.searchproject.eu\/index.php?rest_route=\/wp\/v2\/pages\/482\/revisions"}],"predecessor-version":[{"id":486,"href":"https:\/\/www.searchproject.eu\/index.php?rest_route=\/wp\/v2\/pages\/482\/revisions\/486"}],"wp:attachment":[{"href":"https:\/\/www.searchproject.eu\/index.php?rest_route=%2Fwp%2Fv2%2Fmedia&parent=482"}],"curies":[{"name":"wp","href":"https:\/\/api.w.org\/{rel}","templated":true}]}}