{"id":414,"date":"2022-11-16T17:09:16","date_gmt":"2022-11-16T16:09:16","guid":{"rendered":"https:\/\/www.searchproject.eu\/?page_id=414"},"modified":"2022-11-16T17:22:15","modified_gmt":"2022-11-16T16:22:15","slug":"il-progetto-search","status":"publish","type":"page","link":"https:\/\/www.searchproject.eu\/?page_id=414&lang=it","title":{"rendered":"Il progetto SEARCH"},"content":{"rendered":"<div class=\"fusion-fullwidth fullwidth-box fusion-builder-row-1 fusion-flex-container nonhundred-percent-fullwidth non-hundred-percent-height-scrolling\" style=\"background-color: rgba(255,255,255,0);background-position: center center;background-repeat: no-repeat;border-width: 0px 0px 0px 0px;border-color:#e2e2e2;border-style:solid;\" ><div class=\"fusion-builder-row fusion-row fusion-flex-align-items-flex-start\" style=\"max-width:1248px;margin-left: calc(-4% \/ 2 );margin-right: calc(-4% \/ 2 );\"><div class=\"fusion-layout-column fusion_builder_column fusion-builder-column-0 fusion_builder_column_3_4 3_4 fusion-flex-column\"><div class=\"fusion-column-wrapper fusion-flex-justify-content-flex-start fusion-content-layout-column\" style=\"background-position:left top;background-repeat:no-repeat;-webkit-background-size:cover;-moz-background-size:cover;-o-background-size:cover;background-size:cover;padding: 0px 0px 0px 0px;\"><div class=\"fusion-text fusion-text-1\" style=\"color:#000000;\"><p align=\"justify\"><b>Il progetto SEARCH \u2013 Educazione allo Sport per una Cittadinanza Attiva e Responsabile  attraverso la cura della Salute<\/b>  \u2013 \u00e8 finalizzato alla  formazione  dei giovani cittadini europei e alla proposta concreta di un intervento per organizzare diverse realt\u00e0 legate   alla diffusione della cultura e dello sport. Il progetto mira ad aumentare la  consapevolezza dei giovani sull&#8217;importanza delle  questioni legate allo sport,  sfociando potenzialmente in comportamenti incentrati sul benessere, l&#8217;inclusione e  la  piena cittadinanza.  <\/p>\n<p align=\"justify\">Migliorare l&#8217;educazione   sportiva deve essere un obiettivo chiave  per ogni amministrazione:  basti pensare  all&#8217;impatto altamente negativo della  vita sedentaria nella  societ\u00e0 moderna.   Oltre al dramma umano legato all&#8217;emergere di malattie legate a cattive abitudini e poco movimento, una scarsa propensione  all&#8217;educazione   motoria comporta alti costi sociali perch\u00e9 le persone che si ammalano  hanno bisogno di cure e sostegno da parte del sistema sanitario nazionale.  Non si  tratta  semplicemente di  aumentare lo spazio per  l&#8217;attivit\u00e0 motoria, ma di  intervenire sistematicamente nella diffusione di una cultura che abbracci lo sport e tutti i suoi valori   per  avere  una  risposta economica a lungo termine. <\/p>\n<p align=\"justify\"><b>OBIETTIVI DEL PROGETTO<\/b><\/p>\n<p align=\"justify\"><b>OBIETTIVO 1): Potenziare il valore educativo dello sport<\/b><\/p>\n<p align=\"justify\">Lo sport gioca un ruolo decisivo nell&#8217;educazione dei bambini, \u00e8 un&#8217;occasione per allenare corpo e mente, aiuta a sviluppare la capacit\u00e0 di apprendere (sapere \u2013 saper fare \u2013 saper essere) dando luogo ad una sorta di guida che permette di raggiungere la maturit\u00e0 con leggerezza e piacere. L&#8217;attivit\u00e0 fisica crea un alto livello di soddisfazione e benessere, basato anche sui valori umani ottenuti dai partecipanti\/tirocinanti. <\/p>\n<p align=\"justify\"><b>OBIETTIVO 2): Incoraggiare la pratica sportiva per controllare i costi sanitari e sociali nazionali<\/b><\/p>\n<p align=\"justify\">Investire nello sport consente di risparmiare nell&#8217;assistenza sanitaria riducendo la sedentariet\u00e0. I risparmi sui costi socio-sanitari sono un risultato trasversale ottenuto a diversi livelli, come \u00e8 ben noto e dimostrato in tutte le ricerche a livello mondiale. In primis la prevenzione, ma anche la terapia, il ricondizionamento, la riduzione delle ricadute, e tutto questo \u00e8 ancora pi\u00f9 chiaro se parliamo di medicina di genere.<\/p>\n<p align=\"justify\"><b>OBIETTIVO 3): Fare dello sport una forza per l&#8217;inclusione sociale<\/b><\/p>\n<p align=\"justify\">Lo sport \u00e8 un elemento fondamentale a livello emotivo e sociale, \u00e8 un ambiente multidimensionale, dinamico, ludico, in grado di potenziare la consapevolezza di s\u00e9 e del corpo. \u00c8 anche un buon modo per uscire dall&#8217;isolamento e socializzare. Il Parlamento Europeo, nella sua risoluzione &#8220;Libro bianco sullo sport&#8221;, ha incluso e ampliato questi temi definendo lo sport come fattore di inclusione sociale e riaffermando l&#8217;importanza dello sport a scuola. I processi di inclusione sono legati, da un lato, alla costruzione del legame tra i giovani e la comunit\u00e0 locale, mentre dall&#8217;altro esaminano l&#8217;espressione della soggettivit\u00e0 come risultato delle rappresentazioni e delle relazioni interpersonali coinvolte nello sport e nell&#8217;attivit\u00e0 motoria. <\/p>\n<p align=\"justify\"><b>OBIETTIVO 4): Aumentare le attivit\u00e0 economiche legate allo sport<\/b><\/p>\n<p align=\"justify\">La prima definizione, pi\u00f9 limitata, restringe l&#8217;ambito dell&#8217;indagine alle persone che lavorano nel settore e agli effetti economici dei grandi sport professionistici e dei grandi eventi. Il secondo include anche effetti indiretti come l&#8217;acquisto di abbigliamento e attrezzature sportive, il turismo sportivo, l&#8217;acquisto di giornali e pubblicazioni sportive. <\/p>\n<p align=\"justify\"><b>OBIETTIVO 5): Trasformare le citt\u00e0 in &#8220;citt\u00e0 sportive intelligenti&#8221;<\/b><\/p>\n<p align=\"justify\">La sfida riguarda l&#8217;apertura e la permanenza dello spazio pubblico egualitario. L&#8217;obiettivo \u00e8 quello  di avvicinare i cittadini a parchi e aree comuni percepite come strutture sportive pubbliche a disposizione di intere comunit\u00e0.<\/p>\n<p align=\"justify\">\n<\/div><\/div><style type=\"text\/css\">.fusion-body .fusion-builder-column-0{width:75% !important;margin-top : 0px;margin-bottom : 20px;}.fusion-builder-column-0 > .fusion-column-wrapper {padding-top : 0px !important;padding-right : 0px !important;margin-right : 2.56%;padding-bottom : 0px !important;padding-left : 0px !important;margin-left : 2.56%;}@media only screen and (max-width:1024px) {.fusion-body .fusion-builder-column-0{width:75% !important;order : 0;}.fusion-builder-column-0 > .fusion-column-wrapper {margin-right : 2.56%;margin-left : 2.56%;}}@media only screen and (max-width:640px) {.fusion-body .fusion-builder-column-0{width:100% !important;order : 0;}.fusion-builder-column-0 > .fusion-column-wrapper {margin-right : 1.92%;margin-left : 1.92%;}}<\/style><\/div><div class=\"fusion-layout-column fusion_builder_column fusion-builder-column-1 fusion_builder_column_1_4 1_4 fusion-flex-column\"><div class=\"fusion-column-wrapper fusion-flex-justify-content-flex-start fusion-content-layout-column\" style=\"background-position:left top;background-repeat:no-repeat;-webkit-background-size:cover;-moz-background-size:cover;-o-background-size:cover;background-size:cover;padding: 0px 0px 0px 0px;\"><div ><style>.fusion-imageframe.imageframe-1{ margin-bottom : 20px;}<\/style><span class=\" fusion-imageframe imageframe-none imageframe-1 hover-type-none\" style=\"border:1px solid #e2e2e2;border-radius:50%;\"><img decoding=\"async\" width=\"300\" height=\"200\" title=\"Portrait of smiling male doctor sitting at desk\" src=\"https:\/\/www.searchproject.eu\/wp-content\/uploads\/2020\/12\/iStock-680482624-300x200.jpg\" alt class=\"img-responsive wp-image-105\" srcset=\"https:\/\/www.searchproject.eu\/wp-content\/uploads\/2020\/12\/iStock-680482624-200x133.jpg 200w, https:\/\/www.searchproject.eu\/wp-content\/uploads\/2020\/12\/iStock-680482624-400x267.jpg 400w, https:\/\/www.searchproject.eu\/wp-content\/uploads\/2020\/12\/iStock-680482624-600x400.jpg 600w, https:\/\/www.searchproject.eu\/wp-content\/uploads\/2020\/12\/iStock-680482624-800x533.jpg 800w, https:\/\/www.searchproject.eu\/wp-content\/uploads\/2020\/12\/iStock-680482624-1200x800.jpg 1200w\" sizes=\"(max-width: 640px) 100vw, 400px\" \/><\/span><\/div><div ><style>.fusion-imageframe.imageframe-2{ margin-bottom : 20px;}<\/style><span class=\" fusion-imageframe imageframe-none imageframe-2 hover-type-none\" style=\"border:1px solid #e2e2e2;border-radius:50%;\"><img decoding=\"async\" width=\"300\" height=\"200\" title=\"Healthy purchasing from grocery\" src=\"https:\/\/www.searchproject.eu\/wp-content\/uploads\/2020\/12\/iStock-1160204549-300x200.jpg\" alt class=\"img-responsive wp-image-110\" srcset=\"https:\/\/www.searchproject.eu\/wp-content\/uploads\/2020\/12\/iStock-1160204549-200x133.jpg 200w, https:\/\/www.searchproject.eu\/wp-content\/uploads\/2020\/12\/iStock-1160204549-400x267.jpg 400w, https:\/\/www.searchproject.eu\/wp-content\/uploads\/2020\/12\/iStock-1160204549-600x400.jpg 600w, https:\/\/www.searchproject.eu\/wp-content\/uploads\/2020\/12\/iStock-1160204549-800x533.jpg 800w, https:\/\/www.searchproject.eu\/wp-content\/uploads\/2020\/12\/iStock-1160204549-1200x800.jpg 1200w\" sizes=\"(max-width: 640px) 100vw, 400px\" \/><\/span><\/div><div ><style>.fusion-imageframe.imageframe-3{ margin-bottom : 20px;}<\/style><span class=\" fusion-imageframe imageframe-none imageframe-3 hover-type-none\" style=\"border:1px solid #e2e2e2;border-radius:50%;\"><img decoding=\"async\" width=\"300\" height=\"200\" title=\"Jogging woman relaxing on lake pier at sunrise enjoying freshness from nature\" src=\"https:\/\/www.searchproject.eu\/wp-content\/uploads\/2020\/12\/iStock-1090246106-300x200.jpg\" alt class=\"img-responsive wp-image-108\" srcset=\"https:\/\/www.searchproject.eu\/wp-content\/uploads\/2020\/12\/iStock-1090246106-200x133.jpg 200w, https:\/\/www.searchproject.eu\/wp-content\/uploads\/2020\/12\/iStock-1090246106-400x267.jpg 400w, https:\/\/www.searchproject.eu\/wp-content\/uploads\/2020\/12\/iStock-1090246106-600x400.jpg 600w, https:\/\/www.searchproject.eu\/wp-content\/uploads\/2020\/12\/iStock-1090246106-800x534.jpg 800w, https:\/\/www.searchproject.eu\/wp-content\/uploads\/2020\/12\/iStock-1090246106-1200x800.jpg 1200w\" sizes=\"(max-width: 640px) 100vw, 400px\" \/><\/span><\/div><div ><style>.fusion-imageframe.imageframe-4{ margin-bottom : 20px;}<\/style><span class=\" fusion-imageframe imageframe-none imageframe-4 hover-type-none\" style=\"border:1px solid #e2e2e2;border-radius:50%;\"><img decoding=\"async\" width=\"300\" height=\"200\" title=\"Athletic woman slicing fruit while preparing smoothie in the kitchen.\" src=\"https:\/\/www.searchproject.eu\/wp-content\/uploads\/2020\/12\/iStock-1161289659-300x200.jpg\" alt class=\"img-responsive wp-image-111\" srcset=\"https:\/\/www.searchproject.eu\/wp-content\/uploads\/2020\/12\/iStock-1161289659-200x133.jpg 200w, https:\/\/www.searchproject.eu\/wp-content\/uploads\/2020\/12\/iStock-1161289659-400x267.jpg 400w, https:\/\/www.searchproject.eu\/wp-content\/uploads\/2020\/12\/iStock-1161289659-600x400.jpg 600w, https:\/\/www.searchproject.eu\/wp-content\/uploads\/2020\/12\/iStock-1161289659-800x533.jpg 800w, https:\/\/www.searchproject.eu\/wp-content\/uploads\/2020\/12\/iStock-1161289659-1200x800.jpg 1200w\" sizes=\"(max-width: 640px) 100vw, 400px\" \/><\/span><\/div><div ><style>.fusion-imageframe.imageframe-5{ margin-bottom : 20px;}<\/style><span class=\" fusion-imageframe imageframe-none imageframe-5 hover-type-none\" style=\"border:1px solid #e2e2e2;border-radius:50%;\"><img decoding=\"async\" width=\"300\" height=\"194\" title=\"Dad with daughter on kitchen\" src=\"https:\/\/www.searchproject.eu\/wp-content\/uploads\/2020\/12\/iStock-1169134670-300x194.jpg\" alt class=\"img-responsive wp-image-114\" srcset=\"https:\/\/www.searchproject.eu\/wp-content\/uploads\/2020\/12\/iStock-1169134670-200x129.jpg 200w, https:\/\/www.searchproject.eu\/wp-content\/uploads\/2020\/12\/iStock-1169134670-400x258.jpg 400w, https:\/\/www.searchproject.eu\/wp-content\/uploads\/2020\/12\/iStock-1169134670-600x388.jpg 600w, https:\/\/www.searchproject.eu\/wp-content\/uploads\/2020\/12\/iStock-1169134670-800x517.jpg 800w, https:\/\/www.searchproject.eu\/wp-content\/uploads\/2020\/12\/iStock-1169134670-1200x775.jpg 1200w\" sizes=\"(max-width: 640px) 100vw, 400px\" \/><\/span><\/div><\/div><style type=\"text\/css\">.fusion-body .fusion-builder-column-1{width:25% !important;margin-top : 0px;margin-bottom : 20px;}.fusion-builder-column-1 > .fusion-column-wrapper {padding-top : 0px !important;padding-right : 0px !important;margin-right : 7.68%;padding-bottom : 0px !important;padding-left : 0px !important;margin-left : 7.68%;}@media only screen and (max-width:1024px) {.fusion-body .fusion-builder-column-1{width:25% !important;order : 0;}.fusion-builder-column-1 > .fusion-column-wrapper {margin-right : 7.68%;margin-left : 7.68%;}}@media only screen and (max-width:640px) {.fusion-body .fusion-builder-column-1{width:100% !important;order : 0;}.fusion-builder-column-1 > .fusion-column-wrapper {margin-right : 1.92%;margin-left : 1.92%;}}<\/style><\/div><\/div><style type=\"text\/css\">.fusion-body .fusion-flex-container.fusion-builder-row-1{ padding-top : 0px;margin-top : 20px;padding-right : 0px;padding-bottom : 0px;margin-bottom : 0px;padding-left : 0px;}<\/style><\/div>\n","protected":false},"excerpt":{"rendered":"","protected":false},"author":4,"featured_media":0,"parent":0,"menu_order":0,"comment_status":"closed","ping_status":"closed","template":"","meta":[],"_links":{"self":[{"href":"https:\/\/www.searchproject.eu\/index.php?rest_route=\/wp\/v2\/pages\/414"}],"collection":[{"href":"https:\/\/www.searchproject.eu\/index.php?rest_route=\/wp\/v2\/pages"}],"about":[{"href":"https:\/\/www.searchproject.eu\/index.php?rest_route=\/wp\/v2\/types\/page"}],"author":[{"embeddable":true,"href":"https:\/\/www.searchproject.eu\/index.php?rest_route=\/wp\/v2\/users\/4"}],"replies":[{"embeddable":true,"href":"https:\/\/www.searchproject.eu\/index.php?rest_route=%2Fwp%2Fv2%2Fcomments&post=414"}],"version-history":[{"count":3,"href":"https:\/\/www.searchproject.eu\/index.php?rest_route=\/wp\/v2\/pages\/414\/revisions"}],"predecessor-version":[{"id":418,"href":"https:\/\/www.searchproject.eu\/index.php?rest_route=\/wp\/v2\/pages\/414\/revisions\/418"}],"wp:attachment":[{"href":"https:\/\/www.searchproject.eu\/index.php?rest_route=%2Fwp%2Fv2%2Fmedia&parent=414"}],"curies":[{"name":"wp","href":"https:\/\/api.w.org\/{rel}","templated":true}]}}